{"id":2937,"date":"2024-04-30T01:00:15","date_gmt":"2024-04-29T23:00:15","guid":{"rendered":"https:\/\/semapro.es\/?page_id=2937"},"modified":"2024-07-11T02:58:13","modified_gmt":"2024-07-11T00:58:13","slug":"legal-warning","status":"publish","type":"page","link":"https:\/\/semapro.es\/en\/legal-warning\/","title":{"rendered":"Legal warning"},"content":{"rendered":"<h3><strong>LEGAL NOTICE<\/strong><\/h3>\n<p>We inform you that the person responsible for this Website is:<\/p>\n<table width=\"602\">\n<tbody>\n<tr>\n<td width=\"211\"><strong>DENOMINATION<\/strong><\/td>\n<td width=\"391\">SERVICIO Y MANTENIMIENTO PARA ROBOTICA, S.L.<\/td>\n<\/tr>\n<tr>\n<td width=\"211\"><strong>C.I.F.<\/strong><\/td>\n<td width=\"391\">B-66681156<\/td>\n<\/tr>\n<tr>\n<td width=\"211\"><strong>REGISTERED OFFICE<\/strong><\/td>\n<td width=\"391\">Francesc Layret n\u00ba 5, bjos.1\u00aa, 08940 CORNELLA DE LLOBREGAT (Barcelona)<\/td>\n<\/tr>\n<tr>\n<td width=\"211\"><strong>CONTACT EMAIL<\/strong><\/td>\n<td width=\"391\">semapro@semapro.es<\/td>\n<\/tr>\n<tr>\n<td width=\"211\"><strong>TELEPHONE<\/strong><\/td>\n<td width=\"391\">931570218<\/td>\n<\/tr>\n<tr>\n<td width=\"211\"><strong>INSCRIPTION<\/strong><\/td>\n<td width=\"391\">Registro Mercantil de Barcelona, Tomo 45.139, Libro 2606, Folio 203, Hoja B-478097, e Inscripci\u00f3n 1\u00aa.<\/td>\n<\/tr>\n<\/tbody>\n<\/table>\n<p>Such domain name may not be used in connection with other content, products or services not owned by the Entity or in any manner that may cause confusion among end users or discredit the Entity<\/p>\n","protected":false},"excerpt":{"rendered":"<p>LEGAL NOTICE We inform you that the person responsible for this Website is: DENOMINATION SERVICIO Y MANTENIMIENTO PARA ROBOTICA, S.L. C.I.F. B-66681156 REGISTERED OFFICE Francesc Layret n\u00ba 5, bjos.1\u00aa, 08940 CORNELLA DE LLOBREGAT (Barcelona) CONTACT EMAIL semapro@semapro.es TELEPHONE 931570218 INSCRIPTION Registro Mercantil de Barcelona, Tomo 45.139, Libro 2606, Folio 203, Hoja B-478097, e Inscripci\u00f3n 1\u00aa. [&hellip;]<\/p>\n","protected":false},"author":1,"featured_media":0,"parent":0,"menu_order":0,"comment_status":"closed","ping_status":"closed","template":"elementor_header_footer","meta":{"_acf_changed":false,"site-sidebar-layout":"default","site-content-layout":"","ast-site-content-layout":"default","site-content-style":"default","site-sidebar-style":"default","ast-global-header-display":"","ast-banner-title-visibility":"","ast-main-header-display":"","ast-hfb-above-header-display":"","ast-hfb-below-header-display":"","ast-hfb-mobile-header-display":"","site-post-title":"","ast-breadcrumbs-content":"","ast-featured-img":"","footer-sml-layout":"","theme-transparent-header-meta":"default","adv-header-id-meta":"","stick-header-meta":"","header-above-stick-meta":"","header-main-stick-meta":"","header-below-stick-meta":"","astra-migrate-meta-layouts":"set","ast-page-background-enabled":"default","ast-page-background-meta":{"desktop":{"background-color":"var(--ast-global-color-4)","background-image":"","background-repeat":"repeat","background-position":"center center","background-size":"auto","background-attachment":"scroll","background-type":"","background-media":"","overlay-type":"","overlay-color":"","overlay-opacity":"","overlay-gradient":""},"tablet":{"background-color":"","background-image":"","background-repeat":"repeat","background-position":"center center","background-size":"auto","background-attachment":"scroll","background-type":"","background-media":"","overlay-type":"","overlay-color":"","overlay-opacity":"","overlay-gradient":""},"mobile":{"background-color":"","background-image":"","background-repeat":"repeat","background-position":"center center","background-size":"auto","background-attachment":"scroll","background-type":"","background-media":"","overlay-type":"","overlay-color":"","overlay-opacity":"","overlay-gradient":""}},"ast-content-background-meta":{"desktop":{"background-color":"var(--ast-global-color-5)","background-image":"","background-repeat":"repeat","background-position":"center center","background-size":"auto","background-attachment":"scroll","background-type":"","background-media":"","overlay-type":"","overlay-color":"","overlay-opacity":"","overlay-gradient":""},"tablet":{"background-color":"var(--ast-global-color-5)","background-image":"","background-repeat":"repeat","background-position":"center center","background-size":"auto","background-attachment":"scroll","background-type":"","background-media":"","overlay-type":"","overlay-color":"","overlay-opacity":"","overlay-gradient":""},"mobile":{"background-color":"var(--ast-global-color-5)","background-image":"","background-repeat":"repeat","background-position":"center center","background-size":"auto","background-attachment":"scroll","background-type":"","background-media":"","overlay-type":"","overlay-color":"","overlay-opacity":"","overlay-gradient":""}},"_joinchat":[],"footnotes":""},"class_list":["post-2937","page","type-page","status-publish","hentry"],"acf":[],"yoast_head":"<!-- This site is optimized with the Yoast SEO Premium plugin v22.6 (Yoast SEO v26.1.1) - https:\/\/yoast.com\/wordpress\/plugins\/seo\/ -->\n<title>Legal warning &#187; SEMAPRO | Rob\u00f3tica industrial, cobots y automatizaci\u00f3n<\/title>\n<meta name=\"robots\" content=\"noindex, nofollow\" \/>\n<meta property=\"og:locale\" content=\"en_US\" \/>\n<meta property=\"og:type\" content=\"article\" \/>\n<meta property=\"og:title\" content=\"Legal warning\" \/>\n<meta property=\"og:description\" content=\"LEGAL NOTICE We inform you that the person responsible for this Website is: DENOMINATION SERVICIO Y MANTENIMIENTO PARA ROBOTICA, S.L. C.I.F. B-66681156 REGISTERED OFFICE Francesc Layret n\u00ba 5, bjos.1\u00aa, 08940 CORNELLA DE LLOBREGAT (Barcelona) CONTACT EMAIL semapro@semapro.es TELEPHONE 931570218 INSCRIPTION Registro Mercantil de Barcelona, Tomo 45.139, Libro 2606, Folio 203, Hoja B-478097, e Inscripci\u00f3n 1\u00aa. [&hellip;]\" \/>\n<meta property=\"og:url\" content=\"https:\/\/semapro.es\/en\/legal-warning\/\" \/>\n<meta property=\"og:site_name\" content=\"SEMAPRO | Rob\u00f3tica industrial, cobots y automatizaci\u00f3n\" \/>\n<meta property=\"article:modified_time\" content=\"2024-07-11T00:58:13+00:00\" \/>\n<meta name=\"twitter:card\" content=\"summary_large_image\" \/>\n<script type=\"application\/ld+json\" class=\"yoast-schema-graph\">{\"@context\":\"https:\/\/schema.org\",\"@graph\":[{\"@type\":\"WebPage\",\"@id\":\"https:\/\/semapro.es\/en\/legal-warning\/\",\"url\":\"https:\/\/semapro.es\/en\/legal-warning\/\",\"name\":\"Legal warning &#187; SEMAPRO | Rob\u00f3tica industrial, cobots y automatizaci\u00f3n\",\"isPartOf\":{\"@id\":\"https:\/\/semapro.es\/en\/#website\"},\"datePublished\":\"2024-04-29T23:00:15+00:00\",\"dateModified\":\"2024-07-11T00:58:13+00:00\",\"breadcrumb\":{\"@id\":\"https:\/\/semapro.es\/en\/legal-warning\/#breadcrumb\"},\"inLanguage\":\"en-US\",\"potentialAction\":[{\"@type\":\"ReadAction\",\"target\":[\"https:\/\/semapro.es\/en\/legal-warning\/\"]}]},{\"@type\":\"BreadcrumbList\",\"@id\":\"https:\/\/semapro.es\/en\/legal-warning\/#breadcrumb\",\"itemListElement\":[{\"@type\":\"ListItem\",\"position\":1,\"name\":\"Portada\",\"item\":\"https:\/\/semapro.es\/en\/\"},{\"@type\":\"ListItem\",\"position\":2,\"name\":\"Legal warning\"}]},{\"@type\":\"WebSite\",\"@id\":\"https:\/\/semapro.es\/en\/#website\",\"url\":\"https:\/\/semapro.es\/en\/\",\"name\":\"Semapro\",\"description\":\"Soluciones en rob\u00f3tica industrial y cobots. Nos encargamos de todo: instalaci\u00f3n, reparaci\u00f3n, mantenimiento y m\u00e1s.\",\"publisher\":{\"@id\":\"https:\/\/semapro.es\/en\/#organization\"},\"potentialAction\":[{\"@type\":\"SearchAction\",\"target\":{\"@type\":\"EntryPoint\",\"urlTemplate\":\"https:\/\/semapro.es\/en\/?s={search_term_string}\"},\"query-input\":{\"@type\":\"PropertyValueSpecification\",\"valueRequired\":true,\"valueName\":\"search_term_string\"}}],\"inLanguage\":\"en-US\"},{\"@type\":\"Organization\",\"@id\":\"https:\/\/semapro.es\/en\/#organization\",\"name\":\"Semapro\",\"url\":\"https:\/\/semapro.es\/en\/\",\"logo\":{\"@type\":\"ImageObject\",\"inLanguage\":\"en-US\",\"@id\":\"https:\/\/semapro.es\/en\/#\/schema\/logo\/image\/\",\"url\":\"https:\/\/semapro.es\/wp-content\/uploads\/2024\/01\/LOGO-FOOTER-REAL-scaled.png\",\"contentUrl\":\"https:\/\/semapro.es\/wp-content\/uploads\/2024\/01\/LOGO-FOOTER-REAL-scaled.png\",\"width\":3184,\"height\":572,\"caption\":\"Semapro\"},\"image\":{\"@id\":\"https:\/\/semapro.es\/en\/#\/schema\/logo\/image\/\"}}]}<\/script>\n<!-- \/ Yoast SEO Premium plugin. -->","yoast_head_json":{"title":"Legal warning &#187; SEMAPRO | Rob\u00f3tica industrial, cobots y automatizaci\u00f3n","robots":{"index":"noindex","follow":"nofollow"},"og_locale":"en_US","og_type":"article","og_title":"Legal warning","og_description":"LEGAL NOTICE We inform you that the person responsible for this Website is: DENOMINATION SERVICIO Y MANTENIMIENTO PARA ROBOTICA, S.L. C.I.F. B-66681156 REGISTERED OFFICE Francesc Layret n\u00ba 5, bjos.1\u00aa, 08940 CORNELLA DE LLOBREGAT (Barcelona) CONTACT EMAIL semapro@semapro.es TELEPHONE 931570218 INSCRIPTION Registro Mercantil de Barcelona, Tomo 45.139, Libro 2606, Folio 203, Hoja B-478097, e Inscripci\u00f3n 1\u00aa. [&hellip;]","og_url":"https:\/\/semapro.es\/en\/legal-warning\/","og_site_name":"SEMAPRO | Rob\u00f3tica industrial, cobots y automatizaci\u00f3n","article_modified_time":"2024-07-11T00:58:13+00:00","twitter_card":"summary_large_image","schema":{"@context":"https:\/\/schema.org","@graph":[{"@type":"WebPage","@id":"https:\/\/semapro.es\/en\/legal-warning\/","url":"https:\/\/semapro.es\/en\/legal-warning\/","name":"Legal warning &#187; SEMAPRO | Rob\u00f3tica industrial, cobots y automatizaci\u00f3n","isPartOf":{"@id":"https:\/\/semapro.es\/en\/#website"},"datePublished":"2024-04-29T23:00:15+00:00","dateModified":"2024-07-11T00:58:13+00:00","breadcrumb":{"@id":"https:\/\/semapro.es\/en\/legal-warning\/#breadcrumb"},"inLanguage":"en-US","potentialAction":[{"@type":"ReadAction","target":["https:\/\/semapro.es\/en\/legal-warning\/"]}]},{"@type":"BreadcrumbList","@id":"https:\/\/semapro.es\/en\/legal-warning\/#breadcrumb","itemListElement":[{"@type":"ListItem","position":1,"name":"Portada","item":"https:\/\/semapro.es\/en\/"},{"@type":"ListItem","position":2,"name":"Legal warning"}]},{"@type":"WebSite","@id":"https:\/\/semapro.es\/en\/#website","url":"https:\/\/semapro.es\/en\/","name":"Semapro","description":"Soluciones en rob\u00f3tica industrial y cobots. Nos encargamos de todo: instalaci\u00f3n, reparaci\u00f3n, mantenimiento y m\u00e1s.","publisher":{"@id":"https:\/\/semapro.es\/en\/#organization"},"potentialAction":[{"@type":"SearchAction","target":{"@type":"EntryPoint","urlTemplate":"https:\/\/semapro.es\/en\/?s={search_term_string}"},"query-input":{"@type":"PropertyValueSpecification","valueRequired":true,"valueName":"search_term_string"}}],"inLanguage":"en-US"},{"@type":"Organization","@id":"https:\/\/semapro.es\/en\/#organization","name":"Semapro","url":"https:\/\/semapro.es\/en\/","logo":{"@type":"ImageObject","inLanguage":"en-US","@id":"https:\/\/semapro.es\/en\/#\/schema\/logo\/image\/","url":"https:\/\/semapro.es\/wp-content\/uploads\/2024\/01\/LOGO-FOOTER-REAL-scaled.png","contentUrl":"https:\/\/semapro.es\/wp-content\/uploads\/2024\/01\/LOGO-FOOTER-REAL-scaled.png","width":3184,"height":572,"caption":"Semapro"},"image":{"@id":"https:\/\/semapro.es\/en\/#\/schema\/logo\/image\/"}}]}},"_links":{"self":[{"href":"https:\/\/semapro.es\/en\/wp-json\/wp\/v2\/pages\/2937","targetHints":{"allow":["GET"]}}],"collection":[{"href":"https:\/\/semapro.es\/en\/wp-json\/wp\/v2\/pages"}],"about":[{"href":"https:\/\/semapro.es\/en\/wp-json\/wp\/v2\/types\/page"}],"author":[{"embeddable":true,"href":"https:\/\/semapro.es\/en\/wp-json\/wp\/v2\/users\/1"}],"replies":[{"embeddable":true,"href":"https:\/\/semapro.es\/en\/wp-json\/wp\/v2\/comments?post=2937"}],"version-history":[{"count":2,"href":"https:\/\/semapro.es\/en\/wp-json\/wp\/v2\/pages\/2937\/revisions"}],"predecessor-version":[{"id":2940,"href":"https:\/\/semapro.es\/en\/wp-json\/wp\/v2\/pages\/2937\/revisions\/2940"}],"wp:attachment":[{"href":"https:\/\/semapro.es\/en\/wp-json\/wp\/v2\/media?parent=2937"}],"curies":[{"name":"wp","href":"https:\/\/api.w.org\/{rel}","templated":true}]}}