{"id":2777,"date":"2024-04-30T01:19:13","date_gmt":"2024-04-29T23:19:13","guid":{"rendered":"https:\/\/semapro.es\/?page_id=2777"},"modified":"2024-07-17T19:22:56","modified_gmt":"2024-07-17T17:22:56","slug":"politica-de-cookies","status":"publish","type":"page","link":"https:\/\/semapro.es\/ca\/politica-de-cookies\/","title":{"rendered":"Pol\u00edtica de cookies"},"content":{"rendered":"<h3><strong>POL\u00cdTICA DE COOKIES<\/strong><\/h3>\n<p>&nbsp;<\/p>\n<p><strong><u>1.- Qu\u00e9 es una cookie?<\/u><\/strong><\/p>\n<p>Una cookie es un fitxer que es descarrega al seu ordinador o dispositiu m\u00f3vil al accedir a determinades aplicacions. Les cookies permeteixen a una p\u00e0gina web o aplicaci\u00f3 emmagatzemar i recuperar informaci\u00f3 sobre els h\u00e0bits de navegaci\u00f3 d\u2019 un usuari o del seu equip i, depenent de la informaci\u00f3 que continguin i de la forma en qu\u00e8 s\u2019utilitzi el seu equip, poden utilitzar-se per recon\u00e8ixer a l\u2019usuari. Les cookies no contenen cap clase d\u2019 informaci\u00f3 personal espec\u00edfica i, la majoria de les mateixes, s\u2019esborran del disc dur al finalitzar la sessi\u00f3 de navegador (las denominadas <em>cookies de sessi\u00f3<\/em>).<\/p>\n<p>La majoria dels navegadors accepten com est\u00e1ndar a les cookies i, amb independ\u00e8ncia d\u2019aquestes, permeten o impedeixen als ajustament de seguretat les cookies temporals o memoritzades.<\/p>\n<p><strong><u>2.- Per qu\u00e9 SEMAPRO utilitza Cookies?<\/u><\/strong><\/p>\n<p>Utilitzem cookies amb l\u2019objectiu de millorar la seva experi\u00e8ncia com usuari, per tant, s\u00f3n una part important de com funciona el nostre Lloc Web. Entre d\u2019altres finalitats, poden ser utilitzades per recordar certs aspectes de la seva \u00faltima cerca perque les cercas posteriors resultin m\u00e9s r\u00e0pides.<\/p>\n<p><strong><u>3.- Qu\u00e9 informaci\u00f3 emmagatzema una cookie?<\/u><\/strong><\/p>\n<p>La informaci\u00f3 que sol emmagatzemar una cookie no \u00e9s informaci\u00f3 considerada sensible, no almacena dades com les bancaries, el D.N.I. ni el correu electr\u00f2nic. L\u2019 usuari no est\u00e1 identificat com persona, sino que el servidor web l\u2019associa al seu navegador web.<\/p>\n<p><strong><u>4.- Quin tipus de cookies existeixen?<\/u><\/strong><\/p>\n<ul>\n<li><strong>Cookies t\u00e8cniques:<\/strong> S\u00f3n aquelles que permeten a l\u2019usuari la navegaci\u00f3 a trav\u00e9s d\u2019una p\u00e0gina web, plataforma o aplicaci\u00f3 i la utilizaci\u00f3 de les diferents opcions o serveis que en ella existeixen com, per exemple, controlar el tr\u00e0fic i la comunicaci\u00f3 de dades, identificar la sessi\u00f3, accedir a parts d\u2019 acc\u00e8s restringit, recordar els elements que integren una comanda, realitzar el proc\u00e8s de compra d\u2019una comanda, realitzar la sol\u00b7licitut d\u2019inscripci\u00f3 o participaci\u00f3 d\u2019un event, utilizar elements de seguretat durant la navegaci\u00f3, emmagatzemar continguts per la difusi\u00f3 de videos o so o compartir continguts a trav\u00e9s de xarxes socials.<\/li>\n<\/ul>\n<ul>\n<li><strong>Cookies de personalitzaci\u00f3:<\/strong> S\u00f3n aquelles que permeten a l\u2019usuari accedir al servei amb algunes caracter\u00edstiques de car\u00e1cter general predefinides en funci\u00f3 d\u2019una serie de criteris al terminal de l\u2019usuari com per exemple l\u2019idioma, el tipus de navegador a trav\u00e9s del qual accedeix al servei, la configuraci\u00f3 regional desde on accedeix al servei, etc.<\/li>\n<\/ul>\n<ul>\n<li><strong>Cookies de sessi\u00f3:<\/strong> Las cookies de sessi\u00f3 son memoritzades i \u00fanicament tenen validesa temporal, \u00e9s a dir, fins que l\u2019usuari finalitza la navegaci\u00f3 per la p\u00e0gina web. Aquestes cookies no graven de forma permanent cap informaci\u00f3 al disc dur de l&#8217;ordinador.<\/li>\n<\/ul>\n<ul>\n<li><strong>Cookies de navegaci\u00f3:<\/strong> L&#8217; objectiu principal de les cookies de navegaci\u00f3 es evitar oferir les recomendacions no afins als seus interessos i oferir-lis propostes comercials dirigides i personalitzades. Aquestes cookies de navegaci\u00f3 basen la seva utilitat al seguiment temporal de la navegaci\u00f3 per Internet.<\/li>\n<\/ul>\n<ul>\n<li><strong>Cookies d\u2019an\u00e0lissi: <\/strong>S\u00f3n aquelles que ben tractades per nosaltres o per tercers, ens permeten cuantificar en n\u00famero d\u2019usuaris i aix\u00ec realitzar la medici\u00f3 i an\u00e0lissi estad\u00edstic de la utilitzaci\u00f3 que fan els usuaris del servei ofertat. Per aix\u00f2 s\u2019analitza la seva navegaci\u00f3 a la nostra p\u00e0gina web amb el fin de millorar la oferta de productes o serveis que l\u2019 oferim.<\/li>\n<\/ul>\n<ul>\n<li><strong>Cookies publicitaries:<\/strong> Son aquelles que, ben tractades per nosaltres o per tercers, ens permeten gestionar de la manera m\u00e9s efica\u00e7 possible l\u2019oferta dels espais publicitaris que hi ha a la p\u00e0gina web, adequant el contingut de l\u2019anunci al contingut del servei sol\u00b7licitat o a l\u2019\u00fas que realitzi de la nostra p\u00e0gina web. Per aix\u00f2 podem analitzar els seus h\u00e0bits de navegaci\u00f3 a internet i podem mostrar-li publicitat relacionada amb el seu perfil de navegaci\u00f3.<\/li>\n<\/ul>\n<ul>\n<li><strong>Cookies estad\u00edstiques:<\/strong> Son aquelles que ben tractades per nosaltes o per tercers, ens permeten quantificar el n\u00famero d\u2019usuaris i aix\u00ed realitzar la medici\u00f3 i an\u00e0lissi estad\u00edstic de la utilizaci\u00f3 que fan els usuaris del nostre servei.Per aix\u00f2 s\u2019analitza la seva navegaci\u00f3 a la nostra p\u00e0gina web amb la finalitat de millorar l\u2019oferta de productes o serveis que l\u2019 oferim.<\/li>\n<\/ul>\n<ul>\n<li><strong>Cookies funcionals<\/strong>: Son necessaries per mostrar correctament la p\u00e0gina web i garantitzar el correcte funcionament del lloc web. S\u00f3n cookies que ajuden a l\u2019usuari a tenir una millor experi\u00e8ncia de la navegaci\u00f3 pel lloc web.<\/li>\n<\/ul>\n<p><strong><u>5.- Qu\u00e9 son les cookies propias i les de tercers?<\/u><\/strong><\/p>\n<ul>\n<li><strong>Cookies propias<\/strong>: Son aquelles que s\u2019envien a l\u2019usuari des d\u2019un equip o domini gestionat per nosaltres.<\/li>\n<li><strong>Cookies de tercers<\/strong>: Serien les generades per serveis o provee\u00efdors externs com Facebook, Twitter, Google, etc.<\/li>\n<\/ul>\n<p><strong><u>6.- Qu\u00e9 cookies s\u2019utilitzen en aquest lloc web?<\/u><\/strong><strong><u>\u00a0<\/u><\/strong><\/p>\n<table width=\"602\">\n<tbody>\n<tr>\n<td width=\"140\"><strong>NOM<\/strong><\/td>\n<td width=\"90\"><strong>TIPUS<\/strong><\/td>\n<td width=\"83\"><strong>TITULAR\/<\/strong><\/p>\n<p><strong>DOMINI<\/strong><\/td>\n<td width=\"124\"><strong>TEMPS D\u2019 EXPIRACI\u00d3<\/strong><\/p>\n<p>(aprox.)<\/td>\n<td width=\"164\"><strong>FINALITAT<\/strong><\/td>\n<\/tr>\n<tr>\n<td width=\"140\"><em>borlabs-cookie<\/em><\/td>\n<td width=\"90\">&nbsp;<\/p>\n<p>Propia<\/td>\n<td width=\"83\">&nbsp;<\/p>\n<p>&nbsp;<\/p>\n<p>SEMAPRO<\/td>\n<td width=\"124\">1 any<\/td>\n<td width=\"164\">Guarda les prefer\u00e8ncies dels visitants seleccionades a la caixa de cookies de la cookie Borlabs.<\/td>\n<\/tr>\n<tr>\n<td width=\"140\"><em>_fbp web<\/em><\/p>\n<p>&nbsp;<\/td>\n<td width=\"90\">&nbsp;<\/p>\n<p>Tercers<\/td>\n<td width=\"83\">Facebook<\/td>\n<td width=\"124\">3 mesos<\/td>\n<td width=\"164\">Per emmagatzemar i realitzar un seguiment de las visitas a diversos llocs.<\/td>\n<\/tr>\n<tr>\n<td width=\"140\"><em>wordpress_test_cookie<\/em><\/p>\n<p>&nbsp;<\/td>\n<td width=\"90\">&nbsp;<\/p>\n<p>&nbsp;<\/p>\n<p>Propia<\/td>\n<td width=\"83\">SEMAPRO<\/td>\n<td width=\"124\">Sessi\u00f3<\/td>\n<td width=\"164\">Aquesta cookie s&#8217;utilitza per que el gestor de continguts WordPress comprovi si el navegador te las cookies activades.<\/td>\n<\/tr>\n<tr>\n<td width=\"140\"><em>_ga<\/em><\/p>\n<p>&nbsp;<\/td>\n<td width=\"90\">Terceros<\/td>\n<td width=\"83\">&nbsp;<\/p>\n<p>Google<\/td>\n<td width=\"124\">2 anys<\/td>\n<td width=\"164\">Per comptar i realitzar un seguiment de les p\u00e0gines vistas<\/td>\n<\/tr>\n<tr>\n<td width=\"140\"><em>\u00a0__Secure-3PAPISID<\/em><\/td>\n<td rowspan=\"3\" width=\"90\">Tercers<\/td>\n<td rowspan=\"3\" width=\"83\">&nbsp;<\/p>\n<p>Google<\/td>\n<td rowspan=\"3\" width=\"124\">2 anys<\/td>\n<td rowspan=\"3\" width=\"164\">Aquestes cookies s&#8217;utilitzen per entregar ANUNCIS m\u00e9s rellevants per tu i pels teus interessos.<\/td>\n<\/tr>\n<tr>\n<td width=\"140\"><em>__Secure-3PSID<\/em><\/td>\n<\/tr>\n<tr>\n<td width=\"140\"><em>__Secure-3PSIDCC<\/em><\/td>\n<\/tr>\n<tr>\n<td width=\"140\"><em>\u00a0<\/em><\/p>\n<p><em>_1P_JAR<\/em><\/p>\n<p><em>\u00a0<\/em><\/td>\n<td rowspan=\"11\" width=\"90\">Tercers<\/td>\n<td rowspan=\"11\" width=\"83\">&nbsp;<\/p>\n<p>&nbsp;<\/p>\n<p>&nbsp;<\/p>\n<p>&nbsp;<\/p>\n<p>&nbsp;<\/p>\n<p>&nbsp;<\/p>\n<p>&nbsp;<\/p>\n<p>&nbsp;<\/p>\n<p>&nbsp;<\/p>\n<p>&nbsp;<\/p>\n<p>&nbsp;<\/p>\n<p>&nbsp;<\/p>\n<p>&nbsp;<\/p>\n<p>&nbsp;<\/p>\n<p>&nbsp;<\/p>\n<p>&nbsp;<\/p>\n<p>Google<\/td>\n<td rowspan=\"11\" width=\"124\">2 anys<\/td>\n<td rowspan=\"11\" width=\"164\">Aquestes cookies s&#8217;utilitzen per recabar informaci\u00f3 sobre l\u2019\u00fas del nostre lloc web per part dels visitants. Utilizem l\u2019 informaci\u00f3 per elaborar informes i per millorar el lloc. Aquestes cookies s&#8217;associen \u00fanicament a un usuari an\u00f2nim i a al seu ordinador\/dispositiu sense proporcionar refer\u00e8ncies que permiten con\u00e8ixer dades personals. Recullen el n\u00famero de visitants al lloc, el temps que duren las visitas, el navegador, el tipus de terminal, el lloc de proced\u00e8ncia dels visitants i les p\u00e0gines visitades.<\/td>\n<\/tr>\n<tr>\n<td width=\"140\"><em>\u00a0<\/em><\/p>\n<p><em>APISID<\/em><\/p>\n<p><em>\u00a0<\/em><\/td>\n<\/tr>\n<tr>\n<td width=\"140\"><em>\u00a0<\/em><\/p>\n<p><em>CONSENT<\/em><\/p>\n<p><em>\u00a0<\/em><\/td>\n<\/tr>\n<tr>\n<td width=\"140\"><em>\u00a0<\/em><\/p>\n<p><em>HSID<\/em><\/p>\n<p><em>\u00a0<\/em><\/td>\n<\/tr>\n<tr>\n<td width=\"140\"><em>\u00a0<\/em><\/p>\n<p><em>NID<\/em><\/p>\n<p><em>\u00a0<\/em><\/td>\n<\/tr>\n<tr>\n<td width=\"140\"><em>\u00a0<\/em><\/p>\n<p><em>OGP<\/em><\/p>\n<p><em>\u00a0<\/em><\/td>\n<\/tr>\n<tr>\n<td width=\"140\"><em>\u00a0<\/em><\/p>\n<p><em>OGPC<\/em><\/p>\n<p><em>\u00a0<\/em><\/td>\n<\/tr>\n<tr>\n<td width=\"140\"><em>\u00a0<\/em><\/p>\n<p><em>SAPISID<\/em><\/p>\n<p><em>\u00a0<\/em><\/td>\n<\/tr>\n<tr>\n<td width=\"140\"><em>\u00a0<\/em><\/p>\n<p><em>SID<\/em><\/p>\n<p><em>\u00a0<\/em><\/td>\n<\/tr>\n<tr>\n<td width=\"140\"><em>\u00a0<\/em><\/p>\n<p><em>SIDCC<\/em><\/p>\n<p><em>\u00a0<\/em><\/td>\n<\/tr>\n<tr>\n<td width=\"140\"><em>\u00a0<\/em><\/p>\n<p><em>SSID<\/em><\/p>\n<p><em>\u00a0<\/em><\/td>\n<\/tr>\n<tr>\n<td width=\"140\"><em>OTZ<\/em><\/p>\n<p>&nbsp;<\/td>\n<td width=\"90\">&nbsp;<\/p>\n<p>Terceros<\/td>\n<td width=\"83\">&nbsp;<\/p>\n<p>&nbsp;<\/p>\n<p>&nbsp;<\/p>\n<p>Google<\/td>\n<td width=\"124\">1 mes<\/td>\n<td width=\"164\">Permeten optimitzar i personalitzar els anuncis mostrats al navegar. Serveix per analitzar pautas de tr\u00e0fic a la web, duraci\u00f3 de la sessi\u00f3 de navegador. Est\u00e0 relacionat amb el sistema de publicitat personalitzada de Google Adwords.<\/td>\n<\/tr>\n<tr>\n<td width=\"140\"><em>SEARCH_SAMESITE<\/em><\/p>\n<p>&nbsp;<\/td>\n<td width=\"90\">Terceros<\/td>\n<td width=\"83\">&nbsp;<\/p>\n<p>&nbsp;<\/p>\n<p>Google<\/td>\n<td width=\"124\">1 mes<\/td>\n<td width=\"164\">Proporciona certa protecci\u00f3 contra els atacs de falsificaci\u00f3 de sol\u00b7licituds entre llocs<\/td>\n<\/tr>\n<tr>\n<td width=\"140\"><em>DV<\/em><\/p>\n<p><em>\u00a0<\/em><\/p>\n<p><em>\u00a0<\/em><\/td>\n<td width=\"90\">Terceros<\/td>\n<td width=\"83\">&nbsp;<\/p>\n<p>&nbsp;<\/p>\n<p>Google<\/td>\n<td width=\"124\">6 horas<\/td>\n<td width=\"164\">Es utilizada per Google per proveir serveis i extreure informaci\u00f3 an\u00f2nima sobre la navegaci\u00f3.<\/td>\n<\/tr>\n<\/tbody>\n<\/table>\n<p><strong><u>7.- Es poden desactivar o eliminar les cookies?<\/u><\/strong><\/p>\n<p>Vost\u00e8 pot rebutjar el tractament de les dades o informaci\u00f3 recollits per les cookies en qualsevol moment, mitjan\u00e7ant la configuraci\u00f3 de las opcions del seu navegador d\u2019Internet. Pot permetre, bloquejar (de forma general o particular per un domini espec\u00edfic) o eliminar les cookies instal\u00b7lades al seu equip.<\/p>\n<p>No obstant, aix\u00f2 podr\u00eda afectar l\u2019 \u00f2ptima navegaci\u00f3 del nostre lloc web, ja que algunas funcionalitats es desactivarien i la visualitzaci\u00f3 d\u2019 algunes eines es podr\u00eden veure perjudicades.<\/p>\n<p>Per m\u00e9s informaci\u00f3 sobre <strong>Firefox<\/strong> cliqui aqu\u00ed:<\/p>\n<p><a href=\"http:\/\/support.mozilla.org\/es\/kb\/cookies-informacion-que-los-sitios-web-guardan-en-#w_configurar-las-cookies\">http:\/\/support.mozilla.org\/es\/kb\/cookies-informacion-que-los-sitios-web-guardan-en-#w_configurar-las-cookies<\/a>.<\/p>\n<p>Per m\u00e9s informaci\u00f3 sobre <strong>Chrome<\/strong> cliqui aqu\u00ed:<\/p>\n<p><a href=\"http:\/\/support.google.com\/chrome\/bin\/answer.py?hl=es&amp;answer=95647\">http:\/\/support.google.com\/chrome\/bin\/answer.py?hl=es&amp;answer=95647<\/a>.<\/p>\n<p>Per m\u00e9s informaci\u00f3 sobre <strong>Explorer<\/strong> cliqui aqu\u00ed:<\/p>\n<p><a href=\"https:\/\/support.microsoft.com\/es-es\/help\/17442\/windows-internet-explorer-delete-manage-cookies\">https:\/\/support.microsoft.com\/es-es\/help\/17442\/windows-internet-explorer-delete-manage-cookies<\/a><\/p>\n<p>Per m\u00e9s informaci\u00f3 sobre <strong>Safari<\/strong> cliqui aqu\u00ed:<\/p>\n<p><a href=\"http:\/\/support.apple.com\/kb\/ph5042\">http:\/\/support.apple.com\/kb\/ph5042<\/a>.<\/p>\n<p>Per m\u00e9s informaci\u00f3 sobre <strong>Opera<\/strong> cliqui aqu\u00ed:<\/p>\n<p><a href=\"http:\/\/help.opera.com\/Windows\/11.50\/esES\/cookies.html\">http:\/\/help.opera.com\/Windows\/11.50\/esES\/cookies.html<\/a>.<\/p>\n<p><strong><u>8.- L\u2019 usuari accepta expresament, per l\u2019utilizaci\u00f3 d\u2018aquest Site, el tractament de la informaci\u00f3 recabada a la forma i amb els fins anteriorment mencionats.<\/u><\/strong> I de la mateixa forma reconeix la possibilitat de rebutjar el tractament de les dades o informaci\u00f3, rebutjant l&#8217;\u00fas de les cookies mitjan\u00e7ant la selecci\u00f3 de la configuraci\u00f3 apropiada a tal fi al seu navegador. Tanmateix aquesta opci\u00f3 de bloqueig de Cookies al seu navegador pot no permetre-li el ple \u00fas de totes les funcionalitats del Website.<\/p>\n","protected":false},"excerpt":{"rendered":"<p>POL\u00cdTICA DE COOKIES &nbsp; 1.- Qu\u00e9 es una cookie? Una cookie es un fitxer que es descarrega al seu ordinador o dispositiu m\u00f3vil al accedir a determinades aplicacions. Les cookies permeteixen a una p\u00e0gina web o aplicaci\u00f3 emmagatzemar i recuperar informaci\u00f3 sobre els h\u00e0bits de navegaci\u00f3 d\u2019 un usuari o del seu equip i, depenent [&hellip;]<\/p>\n","protected":false},"author":1,"featured_media":0,"parent":0,"menu_order":0,"comment_status":"closed","ping_status":"closed","template":"elementor_header_footer","meta":{"_acf_changed":false,"site-sidebar-layout":"default","site-content-layout":"","ast-site-content-layout":"default","site-content-style":"default","site-sidebar-style":"default","ast-global-header-display":"","ast-banner-title-visibility":"","ast-main-header-display":"","ast-hfb-above-header-display":"","ast-hfb-below-header-display":"","ast-hfb-mobile-header-display":"","site-post-title":"","ast-breadcrumbs-content":"","ast-featured-img":"","footer-sml-layout":"","theme-transparent-header-meta":"default","adv-header-id-meta":"","stick-header-meta":"","header-above-stick-meta":"","header-main-stick-meta":"","header-below-stick-meta":"","astra-migrate-meta-layouts":"set","ast-page-background-enabled":"default","ast-page-background-meta":{"desktop":{"background-color":"var(--ast-global-color-4)","background-image":"","background-repeat":"repeat","background-position":"center center","background-size":"auto","background-attachment":"scroll","background-type":"","background-media":"","overlay-type":"","overlay-color":"","overlay-opacity":"","overlay-gradient":""},"tablet":{"background-color":"","background-image":"","background-repeat":"repeat","background-position":"center center","background-size":"auto","background-attachment":"scroll","background-type":"","background-media":"","overlay-type":"","overlay-color":"","overlay-opacity":"","overlay-gradient":""},"mobile":{"background-color":"","background-image":"","background-repeat":"repeat","background-position":"center center","background-size":"auto","background-attachment":"scroll","background-type":"","background-media":"","overlay-type":"","overlay-color":"","overlay-opacity":"","overlay-gradient":""}},"ast-content-background-meta":{"desktop":{"background-color":"var(--ast-global-color-5)","background-image":"","background-repeat":"repeat","background-position":"center center","background-size":"auto","background-attachment":"scroll","background-type":"","background-media":"","overlay-type":"","overlay-color":"","overlay-opacity":"","overlay-gradient":""},"tablet":{"background-color":"var(--ast-global-color-5)","background-image":"","background-repeat":"repeat","background-position":"center center","background-size":"auto","background-attachment":"scroll","background-type":"","background-media":"","overlay-type":"","overlay-color":"","overlay-opacity":"","overlay-gradient":""},"mobile":{"background-color":"var(--ast-global-color-5)","background-image":"","background-repeat":"repeat","background-position":"center center","background-size":"auto","background-attachment":"scroll","background-type":"","background-media":"","overlay-type":"","overlay-color":"","overlay-opacity":"","overlay-gradient":""}},"_joinchat":[],"footnotes":""},"class_list":["post-2777","page","type-page","status-publish","hentry"],"acf":[],"yoast_head":"<!-- This site is optimized with the Yoast SEO Premium plugin v22.6 (Yoast SEO v26.1.1) - https:\/\/yoast.com\/wordpress\/plugins\/seo\/ -->\n<title>Pol\u00edtica de cookies &#187; SEMAPRO | Rob\u00f3tica industrial, cobots y automatizaci\u00f3n<\/title>\n<meta name=\"robots\" content=\"noindex, nofollow\" \/>\n<meta property=\"og:locale\" content=\"ca_ES\" \/>\n<meta property=\"og:type\" content=\"article\" \/>\n<meta property=\"og:title\" content=\"Pol\u00edtica de cookies\" \/>\n<meta property=\"og:description\" content=\"POL\u00cdTICA DE COOKIES &nbsp; 1.- Qu\u00e9 es una cookie? Una cookie es un fitxer que es descarrega al seu ordinador o dispositiu m\u00f3vil al accedir a determinades aplicacions. Les cookies permeteixen a una p\u00e0gina web o aplicaci\u00f3 emmagatzemar i recuperar informaci\u00f3 sobre els h\u00e0bits de navegaci\u00f3 d\u2019 un usuari o del seu equip i, depenent [&hellip;]\" \/>\n<meta property=\"og:url\" content=\"https:\/\/semapro.es\/ca\/politica-de-cookies\/\" \/>\n<meta property=\"og:site_name\" content=\"SEMAPRO | Rob\u00f3tica industrial, cobots y automatizaci\u00f3n\" \/>\n<meta property=\"article:modified_time\" content=\"2024-07-17T17:22:56+00:00\" \/>\n<meta name=\"twitter:card\" content=\"summary_large_image\" \/>\n<meta name=\"twitter:label1\" content=\"Temps estimat de lectura\" \/>\n\t<meta name=\"twitter:data1\" content=\"6 minuts\" \/>\n<script type=\"application\/ld+json\" class=\"yoast-schema-graph\">{\"@context\":\"https:\/\/schema.org\",\"@graph\":[{\"@type\":\"WebPage\",\"@id\":\"https:\/\/semapro.es\/ca\/politica-de-cookies\/\",\"url\":\"https:\/\/semapro.es\/ca\/politica-de-cookies\/\",\"name\":\"Pol\u00edtica de cookies &#187; SEMAPRO | Rob\u00f3tica industrial, cobots y automatizaci\u00f3n\",\"isPartOf\":{\"@id\":\"https:\/\/semapro.es\/ca\/#website\"},\"datePublished\":\"2024-04-29T23:19:13+00:00\",\"dateModified\":\"2024-07-17T17:22:56+00:00\",\"breadcrumb\":{\"@id\":\"https:\/\/semapro.es\/ca\/politica-de-cookies\/#breadcrumb\"},\"inLanguage\":\"ca\",\"potentialAction\":[{\"@type\":\"ReadAction\",\"target\":[\"https:\/\/semapro.es\/ca\/politica-de-cookies\/\"]}]},{\"@type\":\"BreadcrumbList\",\"@id\":\"https:\/\/semapro.es\/ca\/politica-de-cookies\/#breadcrumb\",\"itemListElement\":[{\"@type\":\"ListItem\",\"position\":1,\"name\":\"Portada\",\"item\":\"https:\/\/semapro.es\/ca\/\"},{\"@type\":\"ListItem\",\"position\":2,\"name\":\"Pol\u00edtica de cookies\"}]},{\"@type\":\"WebSite\",\"@id\":\"https:\/\/semapro.es\/ca\/#website\",\"url\":\"https:\/\/semapro.es\/ca\/\",\"name\":\"Semapro\",\"description\":\"Soluciones en rob\u00f3tica industrial y cobots. Nos encargamos de todo: instalaci\u00f3n, reparaci\u00f3n, mantenimiento y m\u00e1s.\",\"publisher\":{\"@id\":\"https:\/\/semapro.es\/ca\/#organization\"},\"potentialAction\":[{\"@type\":\"SearchAction\",\"target\":{\"@type\":\"EntryPoint\",\"urlTemplate\":\"https:\/\/semapro.es\/ca\/?s={search_term_string}\"},\"query-input\":{\"@type\":\"PropertyValueSpecification\",\"valueRequired\":true,\"valueName\":\"search_term_string\"}}],\"inLanguage\":\"ca\"},{\"@type\":\"Organization\",\"@id\":\"https:\/\/semapro.es\/ca\/#organization\",\"name\":\"Semapro\",\"url\":\"https:\/\/semapro.es\/ca\/\",\"logo\":{\"@type\":\"ImageObject\",\"inLanguage\":\"ca\",\"@id\":\"https:\/\/semapro.es\/ca\/#\/schema\/logo\/image\/\",\"url\":\"https:\/\/semapro.es\/wp-content\/uploads\/2024\/01\/LOGO-FOOTER-REAL-scaled.png\",\"contentUrl\":\"https:\/\/semapro.es\/wp-content\/uploads\/2024\/01\/LOGO-FOOTER-REAL-scaled.png\",\"width\":3184,\"height\":572,\"caption\":\"Semapro\"},\"image\":{\"@id\":\"https:\/\/semapro.es\/ca\/#\/schema\/logo\/image\/\"}}]}<\/script>\n<!-- \/ Yoast SEO Premium plugin. -->","yoast_head_json":{"title":"Pol\u00edtica de cookies &#187; SEMAPRO | Rob\u00f3tica industrial, cobots y automatizaci\u00f3n","robots":{"index":"noindex","follow":"nofollow"},"og_locale":"ca_ES","og_type":"article","og_title":"Pol\u00edtica de cookies","og_description":"POL\u00cdTICA DE COOKIES &nbsp; 1.- Qu\u00e9 es una cookie? Una cookie es un fitxer que es descarrega al seu ordinador o dispositiu m\u00f3vil al accedir a determinades aplicacions. Les cookies permeteixen a una p\u00e0gina web o aplicaci\u00f3 emmagatzemar i recuperar informaci\u00f3 sobre els h\u00e0bits de navegaci\u00f3 d\u2019 un usuari o del seu equip i, depenent [&hellip;]","og_url":"https:\/\/semapro.es\/ca\/politica-de-cookies\/","og_site_name":"SEMAPRO | Rob\u00f3tica industrial, cobots y automatizaci\u00f3n","article_modified_time":"2024-07-17T17:22:56+00:00","twitter_card":"summary_large_image","twitter_misc":{"Temps estimat de lectura":"6 minuts"},"schema":{"@context":"https:\/\/schema.org","@graph":[{"@type":"WebPage","@id":"https:\/\/semapro.es\/ca\/politica-de-cookies\/","url":"https:\/\/semapro.es\/ca\/politica-de-cookies\/","name":"Pol\u00edtica de cookies &#187; SEMAPRO | Rob\u00f3tica industrial, cobots y automatizaci\u00f3n","isPartOf":{"@id":"https:\/\/semapro.es\/ca\/#website"},"datePublished":"2024-04-29T23:19:13+00:00","dateModified":"2024-07-17T17:22:56+00:00","breadcrumb":{"@id":"https:\/\/semapro.es\/ca\/politica-de-cookies\/#breadcrumb"},"inLanguage":"ca","potentialAction":[{"@type":"ReadAction","target":["https:\/\/semapro.es\/ca\/politica-de-cookies\/"]}]},{"@type":"BreadcrumbList","@id":"https:\/\/semapro.es\/ca\/politica-de-cookies\/#breadcrumb","itemListElement":[{"@type":"ListItem","position":1,"name":"Portada","item":"https:\/\/semapro.es\/ca\/"},{"@type":"ListItem","position":2,"name":"Pol\u00edtica de cookies"}]},{"@type":"WebSite","@id":"https:\/\/semapro.es\/ca\/#website","url":"https:\/\/semapro.es\/ca\/","name":"Semapro","description":"Soluciones en rob\u00f3tica industrial y cobots. Nos encargamos de todo: instalaci\u00f3n, reparaci\u00f3n, mantenimiento y m\u00e1s.","publisher":{"@id":"https:\/\/semapro.es\/ca\/#organization"},"potentialAction":[{"@type":"SearchAction","target":{"@type":"EntryPoint","urlTemplate":"https:\/\/semapro.es\/ca\/?s={search_term_string}"},"query-input":{"@type":"PropertyValueSpecification","valueRequired":true,"valueName":"search_term_string"}}],"inLanguage":"ca"},{"@type":"Organization","@id":"https:\/\/semapro.es\/ca\/#organization","name":"Semapro","url":"https:\/\/semapro.es\/ca\/","logo":{"@type":"ImageObject","inLanguage":"ca","@id":"https:\/\/semapro.es\/ca\/#\/schema\/logo\/image\/","url":"https:\/\/semapro.es\/wp-content\/uploads\/2024\/01\/LOGO-FOOTER-REAL-scaled.png","contentUrl":"https:\/\/semapro.es\/wp-content\/uploads\/2024\/01\/LOGO-FOOTER-REAL-scaled.png","width":3184,"height":572,"caption":"Semapro"},"image":{"@id":"https:\/\/semapro.es\/ca\/#\/schema\/logo\/image\/"}}]}},"_links":{"self":[{"href":"https:\/\/semapro.es\/ca\/wp-json\/wp\/v2\/pages\/2777","targetHints":{"allow":["GET"]}}],"collection":[{"href":"https:\/\/semapro.es\/ca\/wp-json\/wp\/v2\/pages"}],"about":[{"href":"https:\/\/semapro.es\/ca\/wp-json\/wp\/v2\/types\/page"}],"author":[{"embeddable":true,"href":"https:\/\/semapro.es\/ca\/wp-json\/wp\/v2\/users\/1"}],"replies":[{"embeddable":true,"href":"https:\/\/semapro.es\/ca\/wp-json\/wp\/v2\/comments?post=2777"}],"version-history":[{"count":6,"href":"https:\/\/semapro.es\/ca\/wp-json\/wp\/v2\/pages\/2777\/revisions"}],"predecessor-version":[{"id":3372,"href":"https:\/\/semapro.es\/ca\/wp-json\/wp\/v2\/pages\/2777\/revisions\/3372"}],"wp:attachment":[{"href":"https:\/\/semapro.es\/ca\/wp-json\/wp\/v2\/media?parent=2777"}],"curies":[{"name":"wp","href":"https:\/\/api.w.org\/{rel}","templated":true}]}}