{"id":2771,"date":"2024-04-30T01:16:01","date_gmt":"2024-04-29T23:16:01","guid":{"rendered":"https:\/\/semapro.es\/?page_id=2771"},"modified":"2024-07-17T19:12:02","modified_gmt":"2024-07-17T17:12:02","slug":"politica-de-privacitat","status":"publish","type":"page","link":"https:\/\/semapro.es\/ca\/politica-de-privacitat\/","title":{"rendered":"Pol\u00edtica de privacitat"},"content":{"rendered":"<h3><strong>POL\u00cdTICA DE PRIVACITAT<\/strong><\/h3>\n<p>&nbsp;<\/p>\n<h5><strong>\u00c0MBIT D&#8217;APLICACI\u00d3<\/strong><\/h5>\n<p>&nbsp;<\/p>\n<p>SERVICIO Y MANTENIMIENTO PARA ROBOTICA, S.L. (d&#8217;ara endavant, \u00abSEMAPRO\u00bb) es compromet a protegir la privadesa dels seus clients i dels usuaris que accedeixin al lloc web que s&#8217;indica a continuaci\u00f3 i que t\u00e9 la seg\u00fcent adre\u00e7a <a href=\"https:\/\/semapro.es\/\">https:\/\/semapro.es\/<\/a> (d&#8217;ara endavant, la \u00abWeb\u00bb).<\/p>\n<p>Els continguts de la web s\u00f3n titularitat o estan operats, llicenciats o controlats per SEMAPRO.<\/p>\n<p>L&#8217;\u00fas d&#8217;aquest lloc web atribueix la condici\u00f3 d&#8217;usuari (d&#8217;ara endavant, l'&#8221;usuari&#8221;). L&#8217;usuari pot navegar i utilitzar la Web sense necessitat de proporcionar cap dada de car\u00e0cter personal. Les \u00faniques dades personals a les quals tindr\u00e0 acc\u00e9s seran aquelles que l&#8217;usuari faciliti volunt\u00e0riament a trav\u00e9s dels formularis habilitats a l&#8217;efecte, o quan contacti amb SEMAPRO per correu electr\u00f2nic o per qualsevol altre mitj\u00e0 previst a la Web. Si es recullen dades personals a trav\u00e9s de cookies, se li informar\u00e0 degudament a trav\u00e9s de la Pol\u00edtica de Cookies, aix\u00ed com pels canals que exigeix la legislaci\u00f3 vigent.<\/p>\n<p>Aquest document presenta la nostra pol\u00edtica en l&#8217;observan\u00e7a i \u00fas de les dades personals recollides a trav\u00e9s de la nostra Web o dispositius auxiliars com m\u00f2bils o tauletes. A m\u00e9s, l&#8217;\u00fas de la Web implica l&#8217;acceptaci\u00f3 per part de l&#8217;usuari de les disposicions contingudes en aquesta Pol\u00edtica de Privacitat i que les seves dades personals siguin tractades segons s&#8217;estipula en la mateixa.<\/p>\n<p>Tingui en compte que malgrat que puguin existir enlla\u00e7os a altres webs al nostre lloc web, aquesta Pol\u00edtica de Privacitat s&#8217;aplica nom\u00e9s a la Web i no a les webs d&#8217;altres companyies o organitzacions a les quals la Web estigui redirigida. SEMAPRO no controla ni aprova el contingut de les webs de tercers ni accepta cap responsabilitat pel contingut o les pol\u00edtiques de privacitat d&#8217;aquestes webs.<\/p>\n<p><strong><u>PROTECCI\u00d3 DE DADES PERSONALS<\/u><\/strong><\/p>\n<p>Dit el que precedeix i en compliment de l&#8217;establert en el Reglament (UE) 2016\/679 DEL PARLAMENT EUROPEU I DEL CONSELL de 27 d&#8217;abril de 2016 relatiu a la protecci\u00f3 de les persones f\u00edsiques pel que fa al tractament de dades personals i a la lliure circulaci\u00f3 d&#8217;aquestes dades, aix\u00ed com en compliment de l&#8217;establert en la normativa vigent, procedim a donar informaci\u00f3 complerta dels extrems que s&#8217;indiquen a continuaci\u00f3:<\/p>\n<p><strong>El responsable del tractament<\/strong> de les seves dades personals \u00e9s:<\/p>\n<p>SERVICIO Y MANTENIMIENTO PARA ROBOTICA, S.L.<\/p>\n<p>C.I.F.: B-66681156<\/p>\n<p>Domicili: Francesc Layret n\u00ba 5, baixos 1\u00aa, 08940 CORNELLA DE LLOBREGAT (Barcelona).<\/p>\n<p>Correu electr\u00f2nic: semapro@semapro.es<\/p>\n<p>Tel\u00e8fon: 931570218 Inscripci\u00f3:<\/p>\n<p>Registre Mercantil de Barcelona, Tom 45.139, Llibre 2606, Full 203, Full B-478097, Inscripci\u00f3 1a.<\/p>\n<p>A m\u00e9s, pot posar-se en contacte amb SEMAPRO mitjan\u00e7ant correu electr\u00f2nic a l&#8217;adre\u00e7a: semapro@semapro.es<\/p>\n<p>Pel que fa als tipus de dades que es tracten, el registre d&#8217;activitats de tractament i la finalitat d&#8217;aquestes dades personals que ens facilita o qualssevol altres que es generin com a conseq\u00fc\u00e8ncia de l&#8217;acc\u00e9s a la nostra p\u00e0gina web, els informem que s&#8217;incorporaran en el sistema de tractament de dades existent, de titularitat i responsabilitat de SERVICIO Y MANTENIMIENTO PARA ROBOTICA, S.L. Consent expressament el tractament d&#8217;aquestes dades personals de manera l\u00edcita, lleial, transparent, adequada, rellevant, limitada, precisa i actualitzada per a les seg\u00fcents finalitats.<strong>\u00a0<\/strong><\/p>\n<table width=\"602\">\n<tbody>\n<tr>\n<td width=\"297\"><strong>FINALITAT<\/strong><\/td>\n<td width=\"305\"><strong>BASE LEGAL PER AL TRACTAMENT DE LES DADES <\/strong><\/td>\n<\/tr>\n<tr>\n<td width=\"297\">Atendre i resoldre les sol\u00b7licituds de l&#8217;usuari o les peticions que es puguin fer a trav\u00e9s del correu electr\u00f2nic de contacte de la nostra p\u00e0gina web..<\/td>\n<td width=\"305\">Inter\u00e8s leg\u00edtim, el consentiment de l&#8217;interessat en emplenar i enviar el formulari i, en cas que la sol\u00b7licitud estigui relacionada amb l&#8217;exercici de drets, la nostra legitimaci\u00f3 ser\u00e0 en cumpliment d\u2019una obligaci\u00f3 legal.<\/td>\n<\/tr>\n<tr>\n<td width=\"297\">Remetre-li informaci\u00f3 o noves ofertes mitjan\u00e7ant comunicacions de m\u00e0rqueting sempre que l&#8217;usuari es subscriu a la nostra Newsletter o faciliti el seu correu electr\u00f2nic..<\/td>\n<td width=\"305\">La base de legitimaci\u00f3 \u00e9s el consentiment expr\u00e9s en el moment en qu\u00e8 et subscrius a la Newsletter o acceptes rebre informaci\u00f3 per mitj\u00e0 del correu electr\u00f2nic en marcar la casella de selecci\u00f3..<\/td>\n<\/tr>\n<tr>\n<td width=\"297\">Tractament de dades amb finalitats estad\u00edstiques per millorar la qualitat dels serveis prestats.<\/td>\n<td width=\"305\">La base de legitimaci\u00f3 \u00e9s l&#8217;inter\u00e8s leg\u00edtim, ja que mitjan\u00e7ant aquestes estad\u00edstiques podem millorar el lloc web oferint una qualitat superior.<\/td>\n<\/tr>\n<\/tbody>\n<\/table>\n<p>Aix\u00ed doncs, en el cas que l&#8217;usuari presti el seu consentiment expr\u00e9s mitjan\u00e7ant l&#8217;acceptaci\u00f3 de la casella de selecci\u00f3, rebr\u00e0 publicitat i novetats comercials de SEMAPRO sobre els serveis que aquesta ofereix mitjan\u00e7ant mitjans electr\u00f2nics. No obstant aix\u00f2, l&#8217;usuari podr\u00e0 revocar en qualsevol moment el consentiment prestat per rebre publicitat a trav\u00e9s dels mitjans electr\u00f2nics facilitats, dirigint-se a l&#8217;adre\u00e7a de correu electr\u00f2nic semapro@semapro.es, a l&#8217;adre\u00e7a postal de la direcci\u00f3 indicada anteriorment del Responsable del Tractament, o seguint les instruccions contingudes a les comunicacions telem\u00e0tiques.<\/p>\n<p>Els menors de 18 anys nom\u00e9s podran consultar i facilitar dades al lloc web sota la supervisi\u00f3 i autoritzaci\u00f3 d&#8217;un pare o tutor. A m\u00e9s, at\u00e8s que SEMAPRO t\u00e9 dificultats per con\u00e8ixer la veritable edat dels usuaris, s&#8217;advertir\u00e0 que s\u00f3n els pares o tutors legals els responsables de evitar que els menors accedeixin al lloc web i facilitin dades personals sense la seva supervisi\u00f3, i s&#8217;exclou tota responsabilitat per part de SEMAPRO en aquest sentit.<\/p>\n<p>A aquests efectes, l&#8217;usuari facilita les seg\u00fcents dades en el formulari de contacte: nom i cognoms, correu electr\u00f2nic, tel\u00e8fon de contacte i les dades proporcionades en els comentaris.<\/p>\n<p>A m\u00e9s, no prenem decisions automatitzades basades en perfils, llevat de la prevenci\u00f3 de frau a internet i la personalitzaci\u00f3 de la publicitat.<\/p>\n<p><strong>El termini de conservaci\u00f3 de les dades personals<\/strong> \u00e9s el temps necessari per complir amb les obligacions legals relacionades amb els serveis prestats.<\/p>\n<p>La informaci\u00f3 recollida per les nostres cookies tamb\u00e9 es conserva per un per\u00edode m\u00e0xim d&#8217;1 any i 2 mesos.<\/p>\n<p><strong>Cessi\u00f3 de dades personals:<\/strong> La informaci\u00f3 relativa als nostres clients \u00e9s molt important per a nosaltres, per la qual cosa nom\u00e9s cedirem les dades per a finalitats concretes i sempre informarem els usuaris sobre aix\u00f2.<\/p>\n<p>Es cediran dades dels usuaris a:<\/p>\n<ul>\n<li>Prove\u00efdors de serveis tercers que, com a consequ\u0308\u00e8ncia de la prestaci\u00f3 dels mateixos, tracten aquestes dades en nom i per compte de SEMAPRO per a serveis de manteniment inform\u00e0tic i realitzaci\u00f3 de la p\u00e0gina web.<\/li>\n<li>En compliment d&#8217;una obligaci\u00f3 legal, a les autoritats que ho sol\u00b7licitin.<\/li>\n<\/ul>\n<p><strong>Drets de l&#8217;usuari:<\/strong> L&#8217;usuari podr\u00e0 exercir en qualsevol moment els seus drets d&#8217;acc\u00e9s, rectificaci\u00f3, limitaci\u00f3 del tractament, supressi\u00f3, oposici\u00f3 i dret a no ser objecte de decisions individualitzades, dirigint una sol\u00b7licitud escrita i signada, incloent el seu nom, cognoms i c\u00f2pia del DNI o altre document acreditatiu v\u00e0lid, a SERVICIO Y MANTENIMIENTO PARA ROBOTICA, S.L., a l&#8217;adre\u00e7a anteriorment indicada o al correu electr\u00f2nic del Responsable de Seguretat: semapro@semapro.es.<\/p>\n<p>L&#8217;exercici d&#8217;aquests drets \u00e9s gratu\u00eft, llevat que es formulen sol\u00b7licituds infundades o excessives, en qu\u00e8 cas l&#8217;usuari assumir\u00e0 el cost del tr\u00e0mit de la sol\u00b7licitud.<\/p>\n<p>Tamb\u00e9 li informem que podr\u00e0 dirigir-se a l&#8217;Autoritat de control competent per presentar la reclamaci\u00f3 que consideri oportuna.<\/p>\n<p><strong><u>MESURES DE SEGURETAT<\/u><\/strong><\/p>\n<p>SEMAPRO informa que ha adoptat les mesures t\u00e8cniques i organitzatives necess\u00e0ries per mantenir el nivell de seguretat requerit en relaci\u00f3 amb les dades personals tractades. A m\u00e9s, ha implementat els mecanismes necessaris per evitar en la mesura del possible els accessos no autoritzats, els furts, les modificacions il\u00b7l\u00edcites i la p\u00e8rdua de dades. En aquest sentit, tractem les dades personals utilitzant SSL.<\/p>\n<p>Disposem de sistemes de seguretat f\u00edsics, electr\u00f2nics i procedimentals en relaci\u00f3 amb la recopilaci\u00f3, emmagatzematge i divulgaci\u00f3 de la informaci\u00f3 personal de l&#8217;usuari. Els nostres procediments de seguretat implica que en ocasions podrem sol\u00b7licitar-li proves d&#8217;identitat abans de facilitar-li informaci\u00f3 confidencial.<\/p>\n<p><strong><u>CONFIDENCIALITAT<\/u><\/strong><\/p>\n<p>En compliment de la normativa vigent, SEMAPRO es compromet al compliment de la seva obligaci\u00f3 de secret dels dades de car\u00e0cter personal que l&#8217;usuari ens faciliti durant la seva navegaci\u00f3 per la present p\u00e0gina web i del seu deure de guardar-los de manera confidencial.<\/p>\n<p><strong><u>DRETS DE PROPIETAT INTEL\u00b7LECTUAL I\/O INDUSTRIAL<\/u><\/strong><\/p>\n<p>Tots els continguts de la Web estan protegits per drets de propietat intel\u00b7lectual. A t\u00edtol enunciatiu, que no limitatiu, el disseny gr\u00e0fic, codi font, logotips, textos, gr\u00e0fics, il\u00b7lustracions, fotografies, codi de llenguatge, programari i altres elements que apareixen a la Web. Per tant, l&#8217;usuari reconeix que la reproducci\u00f3, distribuci\u00f3, comercialitzaci\u00f3, transformaci\u00f3, i en general, qualsevol altra forma d&#8217;explotaci\u00f3, per qualsevol procediment, de tot o part dels continguts d&#8217;aquesta Web constitueix una infracci\u00f3 dels drets de propietat intel\u00b7lectual i\/o industrial de SEMAPRO o del titular dels mateixos.<\/p>\n<p>Les marques o signes distintius de qualsevol classe continguts a la Web estan igualment protegits per la llei. En cap cas podr\u00e0 l&#8217;usuari modificar o utilitzar aquesta propietat intel\u00b7lectual o industrial de manera que la seva divulgaci\u00f3 suposi un perjudici per a SEMAPRO, en qu\u00e8 cas reclamar\u00e0 pels danys i perjudicis derivats de l&#8217;\u00fas indegut per part de tercers de la seva propietat intel\u00b7lectual i industrial.<\/p>\n<p>SEMAPRO no concedeix cap llic\u00e8ncia o autoritzaci\u00f3 d&#8217;\u00fas de cap classe sobre els seus drets de propietat industrial i\/o intel\u00b7lectual o sobre qualsevol altra propietat o dret relacionat amb la Web, els serveis o els continguts.<\/p>\n<p><strong><u>INFORMACI\u00d3 AUTOM\u00c0TICA<\/u><\/strong><\/p>\n<p>Aquests son alguns dels exemples d\u2019informaci\u00f3 que recollim i analitzem: La direcci\u00f3 IP d\u2019Internet que utilitza per conectar-se a internet amb el seu ordinador, informaci\u00f3 sobre el seu ordinador i la seva connexi\u00f3 a internet i sobre la versi\u00f3 i el tipus de navegador; la seva configuraci\u00f3 de zona horaria, els tipus i versions de la connexi\u00f3 del seu navegador del sistema operatiu de la plataforma que utilitza, l\u2019 historial de visites de p\u00e0gines web (URL) des de, a trav\u00e9s i cap a la nostra p\u00e0gina web (incloent-hi data i hora), numero de cookies, tot n\u00famero de tel\u00e8fon que hagi utilitzat per trucar al nostre servei d\u2019atenci\u00f3 al client. Tamb\u00e9 podem utilitzar les dades del navegador tals com cookies, Flash cookies (tamb\u00e9 trucades d\u2019objecte local compartit) o dades similars a certs llocs de la nostra p\u00e0gina web per prevenir el frau entre d\u2019altres prop\u00f2sits. A les seves visites a la p\u00e0gina web, podem utilitzar eines de software per medir i recollir la informaci\u00f3 de la sessi\u00f3, incloent els temps de resposta de la p\u00e0gina, errors de descarrega, duraci\u00f3 de las visitas a certes p\u00e0gines, informaci\u00f3 sobre la interacci\u00f3 amb la p\u00e0gina (clics de ratol\u00ed, despla\u00e7ament per la p\u00e0gina o n\u00famero de vegades que passa el ratol\u00ed per sobre de determinats items) i formes de sortir de la p\u00e0gina web. Aix\u00ed mateix, podrem tamb\u00e9 recaptar informaci\u00f3 t\u00e9cnica que ens ajudi a identificar el seu dispositiu amb finalitats d\u2019an\u00e0lisi diagn\u00f2stic i prevenci\u00f3 de frau.<\/p>\n<p><strong><u>AVISOS I REVISIONS<\/u><\/strong><\/p>\n<p>Si t\u00e9 qualsevol dubte en relaci\u00f3 amb la privacitat de SEMAPRO, li preguem que ens envii un correu electr\u00f2nic detallant la seva consulta i nosaltres tractarem de resoldre-la.<\/p>\n<p>SEMAPRO podr\u00e0 modificar i actualitzar aquesta Pol\u00edtica de Privacitat en qualsevol moment sense previ av\u00eds. Per favor, comprovi semper que est\u00e1 al corrent de la nostra Pol\u00edtica de Privacitat, Pol\u00edtica de Cookies i dels T\u00e9rminis i condicions d\u2019\u00fas per estar informat en tot moment del contingut que es recopila a trav\u00e9s de la Web, com la utilitzem i las circumst\u00e0ncies sota les quals podrien revelar-se a tercers. L\u2019usuari quedar\u00e0 obligat autom\u00e0ticament per les condicions d&#8217;\u00fas que es trobin vigents en el moment al que accedeixi a la web, pel que deur\u00e0 lleguir peri\u00f2dicament el present document.<\/p>\n","protected":false},"excerpt":{"rendered":"<p>POL\u00cdTICA DE PRIVACITAT &nbsp; \u00c0MBIT D&#8217;APLICACI\u00d3 &nbsp; SERVICIO Y MANTENIMIENTO PARA ROBOTICA, S.L. (d&#8217;ara endavant, \u00abSEMAPRO\u00bb) es compromet a protegir la privadesa dels seus clients i dels usuaris que accedeixin al lloc web que s&#8217;indica a continuaci\u00f3 i que t\u00e9 la seg\u00fcent adre\u00e7a https:\/\/semapro.es\/ (d&#8217;ara endavant, la \u00abWeb\u00bb). Els continguts de la web s\u00f3n titularitat [&hellip;]<\/p>\n","protected":false},"author":1,"featured_media":0,"parent":0,"menu_order":0,"comment_status":"closed","ping_status":"closed","template":"elementor_header_footer","meta":{"_acf_changed":false,"site-sidebar-layout":"default","site-content-layout":"","ast-site-content-layout":"default","site-content-style":"default","site-sidebar-style":"default","ast-global-header-display":"","ast-banner-title-visibility":"","ast-main-header-display":"","ast-hfb-above-header-display":"","ast-hfb-below-header-display":"","ast-hfb-mobile-header-display":"","site-post-title":"","ast-breadcrumbs-content":"","ast-featured-img":"","footer-sml-layout":"","theme-transparent-header-meta":"default","adv-header-id-meta":"","stick-header-meta":"","header-above-stick-meta":"","header-main-stick-meta":"","header-below-stick-meta":"","astra-migrate-meta-layouts":"set","ast-page-background-enabled":"default","ast-page-background-meta":{"desktop":{"background-color":"var(--ast-global-color-4)","background-image":"","background-repeat":"repeat","background-position":"center center","background-size":"auto","background-attachment":"scroll","background-type":"","background-media":"","overlay-type":"","overlay-color":"","overlay-opacity":"","overlay-gradient":""},"tablet":{"background-color":"","background-image":"","background-repeat":"repeat","background-position":"center center","background-size":"auto","background-attachment":"scroll","background-type":"","background-media":"","overlay-type":"","overlay-color":"","overlay-opacity":"","overlay-gradient":""},"mobile":{"background-color":"","background-image":"","background-repeat":"repeat","background-position":"center center","background-size":"auto","background-attachment":"scroll","background-type":"","background-media":"","overlay-type":"","overlay-color":"","overlay-opacity":"","overlay-gradient":""}},"ast-content-background-meta":{"desktop":{"background-color":"var(--ast-global-color-5)","background-image":"","background-repeat":"repeat","background-position":"center center","background-size":"auto","background-attachment":"scroll","background-type":"","background-media":"","overlay-type":"","overlay-color":"","overlay-opacity":"","overlay-gradient":""},"tablet":{"background-color":"var(--ast-global-color-5)","background-image":"","background-repeat":"repeat","background-position":"center center","background-size":"auto","background-attachment":"scroll","background-type":"","background-media":"","overlay-type":"","overlay-color":"","overlay-opacity":"","overlay-gradient":""},"mobile":{"background-color":"var(--ast-global-color-5)","background-image":"","background-repeat":"repeat","background-position":"center center","background-size":"auto","background-attachment":"scroll","background-type":"","background-media":"","overlay-type":"","overlay-color":"","overlay-opacity":"","overlay-gradient":""}},"_joinchat":[],"footnotes":""},"class_list":["post-2771","page","type-page","status-publish","hentry"],"acf":[],"yoast_head":"<!-- This site is optimized with the Yoast SEO Premium plugin v22.6 (Yoast SEO v26.1.1) - https:\/\/yoast.com\/wordpress\/plugins\/seo\/ -->\n<title>Pol\u00edtica de privacitat &#187; SEMAPRO | Rob\u00f3tica industrial, cobots y automatizaci\u00f3n<\/title>\n<meta name=\"robots\" content=\"noindex, nofollow\" \/>\n<meta property=\"og:locale\" content=\"ca_ES\" \/>\n<meta property=\"og:type\" content=\"article\" \/>\n<meta property=\"og:title\" content=\"Pol\u00edtica de privacitat\" \/>\n<meta property=\"og:description\" content=\"POL\u00cdTICA DE PRIVACITAT &nbsp; \u00c0MBIT D&#8217;APLICACI\u00d3 &nbsp; SERVICIO Y MANTENIMIENTO PARA ROBOTICA, S.L. (d&#8217;ara endavant, \u00abSEMAPRO\u00bb) es compromet a protegir la privadesa dels seus clients i dels usuaris que accedeixin al lloc web que s&#8217;indica a continuaci\u00f3 i que t\u00e9 la seg\u00fcent adre\u00e7a https:\/\/semapro.es\/ (d&#8217;ara endavant, la \u00abWeb\u00bb). Els continguts de la web s\u00f3n titularitat [&hellip;]\" \/>\n<meta property=\"og:url\" content=\"https:\/\/semapro.es\/ca\/politica-de-privacitat\/\" \/>\n<meta property=\"og:site_name\" content=\"SEMAPRO | Rob\u00f3tica industrial, cobots y automatizaci\u00f3n\" \/>\n<meta property=\"article:modified_time\" content=\"2024-07-17T17:12:02+00:00\" \/>\n<meta name=\"twitter:card\" content=\"summary_large_image\" \/>\n<meta name=\"twitter:label1\" content=\"Temps estimat de lectura\" \/>\n\t<meta name=\"twitter:data1\" content=\"9 minuts\" \/>\n<script type=\"application\/ld+json\" class=\"yoast-schema-graph\">{\"@context\":\"https:\/\/schema.org\",\"@graph\":[{\"@type\":\"WebPage\",\"@id\":\"https:\/\/semapro.es\/ca\/politica-de-privacitat\/\",\"url\":\"https:\/\/semapro.es\/ca\/politica-de-privacitat\/\",\"name\":\"Pol\u00edtica de privacitat &#187; SEMAPRO | Rob\u00f3tica industrial, cobots y automatizaci\u00f3n\",\"isPartOf\":{\"@id\":\"https:\/\/semapro.es\/ca\/#website\"},\"datePublished\":\"2024-04-29T23:16:01+00:00\",\"dateModified\":\"2024-07-17T17:12:02+00:00\",\"breadcrumb\":{\"@id\":\"https:\/\/semapro.es\/ca\/politica-de-privacitat\/#breadcrumb\"},\"inLanguage\":\"ca\",\"potentialAction\":[{\"@type\":\"ReadAction\",\"target\":[\"https:\/\/semapro.es\/ca\/politica-de-privacitat\/\"]}]},{\"@type\":\"BreadcrumbList\",\"@id\":\"https:\/\/semapro.es\/ca\/politica-de-privacitat\/#breadcrumb\",\"itemListElement\":[{\"@type\":\"ListItem\",\"position\":1,\"name\":\"Portada\",\"item\":\"https:\/\/semapro.es\/ca\/\"},{\"@type\":\"ListItem\",\"position\":2,\"name\":\"Pol\u00edtica de privacitat\"}]},{\"@type\":\"WebSite\",\"@id\":\"https:\/\/semapro.es\/ca\/#website\",\"url\":\"https:\/\/semapro.es\/ca\/\",\"name\":\"Semapro\",\"description\":\"Soluciones en rob\u00f3tica industrial y cobots. Nos encargamos de todo: instalaci\u00f3n, reparaci\u00f3n, mantenimiento y m\u00e1s.\",\"publisher\":{\"@id\":\"https:\/\/semapro.es\/ca\/#organization\"},\"potentialAction\":[{\"@type\":\"SearchAction\",\"target\":{\"@type\":\"EntryPoint\",\"urlTemplate\":\"https:\/\/semapro.es\/ca\/?s={search_term_string}\"},\"query-input\":{\"@type\":\"PropertyValueSpecification\",\"valueRequired\":true,\"valueName\":\"search_term_string\"}}],\"inLanguage\":\"ca\"},{\"@type\":\"Organization\",\"@id\":\"https:\/\/semapro.es\/ca\/#organization\",\"name\":\"Semapro\",\"url\":\"https:\/\/semapro.es\/ca\/\",\"logo\":{\"@type\":\"ImageObject\",\"inLanguage\":\"ca\",\"@id\":\"https:\/\/semapro.es\/ca\/#\/schema\/logo\/image\/\",\"url\":\"https:\/\/semapro.es\/wp-content\/uploads\/2024\/01\/LOGO-FOOTER-REAL-scaled.png\",\"contentUrl\":\"https:\/\/semapro.es\/wp-content\/uploads\/2024\/01\/LOGO-FOOTER-REAL-scaled.png\",\"width\":3184,\"height\":572,\"caption\":\"Semapro\"},\"image\":{\"@id\":\"https:\/\/semapro.es\/ca\/#\/schema\/logo\/image\/\"}}]}<\/script>\n<!-- \/ Yoast SEO Premium plugin. -->","yoast_head_json":{"title":"Pol\u00edtica de privacitat &#187; SEMAPRO | Rob\u00f3tica industrial, cobots y automatizaci\u00f3n","robots":{"index":"noindex","follow":"nofollow"},"og_locale":"ca_ES","og_type":"article","og_title":"Pol\u00edtica de privacitat","og_description":"POL\u00cdTICA DE PRIVACITAT &nbsp; \u00c0MBIT D&#8217;APLICACI\u00d3 &nbsp; SERVICIO Y MANTENIMIENTO PARA ROBOTICA, S.L. (d&#8217;ara endavant, \u00abSEMAPRO\u00bb) es compromet a protegir la privadesa dels seus clients i dels usuaris que accedeixin al lloc web que s&#8217;indica a continuaci\u00f3 i que t\u00e9 la seg\u00fcent adre\u00e7a https:\/\/semapro.es\/ (d&#8217;ara endavant, la \u00abWeb\u00bb). Els continguts de la web s\u00f3n titularitat [&hellip;]","og_url":"https:\/\/semapro.es\/ca\/politica-de-privacitat\/","og_site_name":"SEMAPRO | Rob\u00f3tica industrial, cobots y automatizaci\u00f3n","article_modified_time":"2024-07-17T17:12:02+00:00","twitter_card":"summary_large_image","twitter_misc":{"Temps estimat de lectura":"9 minuts"},"schema":{"@context":"https:\/\/schema.org","@graph":[{"@type":"WebPage","@id":"https:\/\/semapro.es\/ca\/politica-de-privacitat\/","url":"https:\/\/semapro.es\/ca\/politica-de-privacitat\/","name":"Pol\u00edtica de privacitat &#187; SEMAPRO | Rob\u00f3tica industrial, cobots y automatizaci\u00f3n","isPartOf":{"@id":"https:\/\/semapro.es\/ca\/#website"},"datePublished":"2024-04-29T23:16:01+00:00","dateModified":"2024-07-17T17:12:02+00:00","breadcrumb":{"@id":"https:\/\/semapro.es\/ca\/politica-de-privacitat\/#breadcrumb"},"inLanguage":"ca","potentialAction":[{"@type":"ReadAction","target":["https:\/\/semapro.es\/ca\/politica-de-privacitat\/"]}]},{"@type":"BreadcrumbList","@id":"https:\/\/semapro.es\/ca\/politica-de-privacitat\/#breadcrumb","itemListElement":[{"@type":"ListItem","position":1,"name":"Portada","item":"https:\/\/semapro.es\/ca\/"},{"@type":"ListItem","position":2,"name":"Pol\u00edtica de privacitat"}]},{"@type":"WebSite","@id":"https:\/\/semapro.es\/ca\/#website","url":"https:\/\/semapro.es\/ca\/","name":"Semapro","description":"Soluciones en rob\u00f3tica industrial y cobots. Nos encargamos de todo: instalaci\u00f3n, reparaci\u00f3n, mantenimiento y m\u00e1s.","publisher":{"@id":"https:\/\/semapro.es\/ca\/#organization"},"potentialAction":[{"@type":"SearchAction","target":{"@type":"EntryPoint","urlTemplate":"https:\/\/semapro.es\/ca\/?s={search_term_string}"},"query-input":{"@type":"PropertyValueSpecification","valueRequired":true,"valueName":"search_term_string"}}],"inLanguage":"ca"},{"@type":"Organization","@id":"https:\/\/semapro.es\/ca\/#organization","name":"Semapro","url":"https:\/\/semapro.es\/ca\/","logo":{"@type":"ImageObject","inLanguage":"ca","@id":"https:\/\/semapro.es\/ca\/#\/schema\/logo\/image\/","url":"https:\/\/semapro.es\/wp-content\/uploads\/2024\/01\/LOGO-FOOTER-REAL-scaled.png","contentUrl":"https:\/\/semapro.es\/wp-content\/uploads\/2024\/01\/LOGO-FOOTER-REAL-scaled.png","width":3184,"height":572,"caption":"Semapro"},"image":{"@id":"https:\/\/semapro.es\/ca\/#\/schema\/logo\/image\/"}}]}},"_links":{"self":[{"href":"https:\/\/semapro.es\/ca\/wp-json\/wp\/v2\/pages\/2771","targetHints":{"allow":["GET"]}}],"collection":[{"href":"https:\/\/semapro.es\/ca\/wp-json\/wp\/v2\/pages"}],"about":[{"href":"https:\/\/semapro.es\/ca\/wp-json\/wp\/v2\/types\/page"}],"author":[{"embeddable":true,"href":"https:\/\/semapro.es\/ca\/wp-json\/wp\/v2\/users\/1"}],"replies":[{"embeddable":true,"href":"https:\/\/semapro.es\/ca\/wp-json\/wp\/v2\/comments?post=2771"}],"version-history":[{"count":12,"href":"https:\/\/semapro.es\/ca\/wp-json\/wp\/v2\/pages\/2771\/revisions"}],"predecessor-version":[{"id":3363,"href":"https:\/\/semapro.es\/ca\/wp-json\/wp\/v2\/pages\/2771\/revisions\/3363"}],"wp:attachment":[{"href":"https:\/\/semapro.es\/ca\/wp-json\/wp\/v2\/media?parent=2771"}],"curies":[{"name":"wp","href":"https:\/\/api.w.org\/{rel}","templated":true}]}}