{"id":2766,"date":"2024-04-30T01:00:15","date_gmt":"2024-04-29T23:00:15","guid":{"rendered":"https:\/\/semapro.es\/?page_id=2766"},"modified":"2025-10-14T13:20:49","modified_gmt":"2025-10-14T11:20:49","slug":"avis-legal","status":"publish","type":"page","link":"https:\/\/semapro.es\/ca\/avis-legal\/","title":{"rendered":"Av\u00eds legal"},"content":{"rendered":"<h3><strong>AV\u00cdS LEGAL <\/strong><\/h3>\n<p>&nbsp;<\/p>\n<table width=\"602\">\n<tbody>\n<tr>\n<td width=\"211\"><strong>DENOMINACI\u00d3<\/strong><\/td>\n<td width=\"391\">SERVICIO Y MANTENIMIENTO PARA ROBOTICA, S.L.<\/td>\n<\/tr>\n<tr>\n<td width=\"211\"><strong>C.I.F.<\/strong><\/td>\n<td width=\"391\">B-66681156<\/td>\n<\/tr>\n<tr>\n<td width=\"211\"><strong>DOMICILI SOCIAL<\/strong><\/td>\n<td width=\"391\">Francesc Layret n\u00ba 5, baixos 1\u00aa, 08940 CORNELL\u00c0 DE LLOBREGAT (Barcelona)<\/td>\n<\/tr>\n<tr>\n<td width=\"211\"><strong>EMAIL CONTACTE<\/strong><\/td>\n<td width=\"391\">semapro@semapro.es<\/td>\n<\/tr>\n<tr>\n<td width=\"211\"><strong>TEL\u00c8FON<\/strong><\/td>\n<td width=\"391\">931570218<\/td>\n<\/tr>\n<tr>\n<td width=\"211\"><strong>INSCRIPCI\u00d3<\/strong><\/td>\n<td width=\"391\">Registro Mercantil de Barcelona, Tomo 45.139, Libro 2606, Folio 203, Hoja B-478097, e Inscripci\u00f3n 1\u00aa.<\/td>\n<\/tr>\n<\/tbody>\n<\/table>\n<p>&nbsp;<\/p>\n<p>Us informem que el responsable d&#8217;aquest Lloc Web \u00e9s Semapro. El nom de domini no podr\u00e0 ser utilitzat en connexi\u00f3 amb altres continguts, productes o serveis que no siguin propietat de l&#8217;Entitat, ni de cap manera que pugui causar confusi\u00f3 entre els usuaris finals o desacreditar l&#8217;Entitat.<\/p>\n","protected":false},"excerpt":{"rendered":"<p>AV\u00cdS LEGAL &nbsp; DENOMINACI\u00d3 SERVICIO Y MANTENIMIENTO PARA ROBOTICA, S.L. C.I.F. B-66681156 DOMICILI SOCIAL Francesc Layret n\u00ba 5, baixos 1\u00aa, 08940 CORNELL\u00c0 DE LLOBREGAT (Barcelona) EMAIL CONTACTE semapro@semapro.es TEL\u00c8FON 931570218 INSCRIPCI\u00d3 Registro Mercantil de Barcelona, Tomo 45.139, Libro 2606, Folio 203, Hoja B-478097, e Inscripci\u00f3n 1\u00aa. &nbsp; Us informem que el responsable d&#8217;aquest Lloc Web [&hellip;]<\/p>\n","protected":false},"author":1,"featured_media":0,"parent":0,"menu_order":0,"comment_status":"closed","ping_status":"closed","template":"elementor_header_footer","meta":{"_acf_changed":false,"site-sidebar-layout":"default","site-content-layout":"","ast-site-content-layout":"default","site-content-style":"default","site-sidebar-style":"default","ast-global-header-display":"","ast-banner-title-visibility":"","ast-main-header-display":"","ast-hfb-above-header-display":"","ast-hfb-below-header-display":"","ast-hfb-mobile-header-display":"","site-post-title":"","ast-breadcrumbs-content":"","ast-featured-img":"","footer-sml-layout":"","theme-transparent-header-meta":"default","adv-header-id-meta":"","stick-header-meta":"","header-above-stick-meta":"","header-main-stick-meta":"","header-below-stick-meta":"","astra-migrate-meta-layouts":"set","ast-page-background-enabled":"default","ast-page-background-meta":{"desktop":{"background-color":"var(--ast-global-color-4)","background-image":"","background-repeat":"repeat","background-position":"center center","background-size":"auto","background-attachment":"scroll","background-type":"","background-media":"","overlay-type":"","overlay-color":"","overlay-opacity":"","overlay-gradient":""},"tablet":{"background-color":"","background-image":"","background-repeat":"repeat","background-position":"center center","background-size":"auto","background-attachment":"scroll","background-type":"","background-media":"","overlay-type":"","overlay-color":"","overlay-opacity":"","overlay-gradient":""},"mobile":{"background-color":"","background-image":"","background-repeat":"repeat","background-position":"center center","background-size":"auto","background-attachment":"scroll","background-type":"","background-media":"","overlay-type":"","overlay-color":"","overlay-opacity":"","overlay-gradient":""}},"ast-content-background-meta":{"desktop":{"background-color":"var(--ast-global-color-5)","background-image":"","background-repeat":"repeat","background-position":"center center","background-size":"auto","background-attachment":"scroll","background-type":"","background-media":"","overlay-type":"","overlay-color":"","overlay-opacity":"","overlay-gradient":""},"tablet":{"background-color":"var(--ast-global-color-5)","background-image":"","background-repeat":"repeat","background-position":"center center","background-size":"auto","background-attachment":"scroll","background-type":"","background-media":"","overlay-type":"","overlay-color":"","overlay-opacity":"","overlay-gradient":""},"mobile":{"background-color":"var(--ast-global-color-5)","background-image":"","background-repeat":"repeat","background-position":"center center","background-size":"auto","background-attachment":"scroll","background-type":"","background-media":"","overlay-type":"","overlay-color":"","overlay-opacity":"","overlay-gradient":""}},"_joinchat":[],"footnotes":""},"class_list":["post-2766","page","type-page","status-publish","hentry"],"acf":[],"yoast_head":"<!-- This site is optimized with the Yoast SEO Premium plugin v22.6 (Yoast SEO v26.1.1) - https:\/\/yoast.com\/wordpress\/plugins\/seo\/ -->\n<title>Av\u00eds legal &#187; SEMAPRO | Rob\u00f3tica industrial, cobots y automatizaci\u00f3n<\/title>\n<meta name=\"robots\" content=\"noindex, nofollow\" \/>\n<meta property=\"og:locale\" content=\"ca_ES\" \/>\n<meta property=\"og:type\" content=\"article\" \/>\n<meta property=\"og:title\" content=\"Av\u00eds legal\" \/>\n<meta property=\"og:description\" content=\"AV\u00cdS LEGAL &nbsp; DENOMINACI\u00d3 SERVICIO Y MANTENIMIENTO PARA ROBOTICA, S.L. C.I.F. B-66681156 DOMICILI SOCIAL Francesc Layret n\u00ba 5, baixos 1\u00aa, 08940 CORNELL\u00c0 DE LLOBREGAT (Barcelona) EMAIL CONTACTE semapro@semapro.es TEL\u00c8FON 931570218 INSCRIPCI\u00d3 Registro Mercantil de Barcelona, Tomo 45.139, Libro 2606, Folio 203, Hoja B-478097, e Inscripci\u00f3n 1\u00aa. &nbsp; Us informem que el responsable d&#8217;aquest Lloc Web [&hellip;]\" \/>\n<meta property=\"og:url\" content=\"https:\/\/semapro.es\/ca\/avis-legal\/\" \/>\n<meta property=\"og:site_name\" content=\"SEMAPRO | Rob\u00f3tica industrial, cobots y automatizaci\u00f3n\" \/>\n<meta property=\"article:modified_time\" content=\"2025-10-14T11:20:49+00:00\" \/>\n<meta name=\"twitter:card\" content=\"summary_large_image\" \/>\n<meta name=\"twitter:label1\" content=\"Temps estimat de lectura\" \/>\n\t<meta name=\"twitter:data1\" content=\"1 minut\" \/>\n<script type=\"application\/ld+json\" class=\"yoast-schema-graph\">{\"@context\":\"https:\/\/schema.org\",\"@graph\":[{\"@type\":\"WebPage\",\"@id\":\"https:\/\/semapro.es\/ca\/avis-legal\/\",\"url\":\"https:\/\/semapro.es\/ca\/avis-legal\/\",\"name\":\"Av\u00eds legal &#187; SEMAPRO | Rob\u00f3tica industrial, cobots y automatizaci\u00f3n\",\"isPartOf\":{\"@id\":\"https:\/\/semapro.es\/ca\/#website\"},\"datePublished\":\"2024-04-29T23:00:15+00:00\",\"dateModified\":\"2025-10-14T11:20:49+00:00\",\"breadcrumb\":{\"@id\":\"https:\/\/semapro.es\/ca\/avis-legal\/#breadcrumb\"},\"inLanguage\":\"ca\",\"potentialAction\":[{\"@type\":\"ReadAction\",\"target\":[\"https:\/\/semapro.es\/ca\/avis-legal\/\"]}]},{\"@type\":\"BreadcrumbList\",\"@id\":\"https:\/\/semapro.es\/ca\/avis-legal\/#breadcrumb\",\"itemListElement\":[{\"@type\":\"ListItem\",\"position\":1,\"name\":\"Portada\",\"item\":\"https:\/\/semapro.es\/ca\/\"},{\"@type\":\"ListItem\",\"position\":2,\"name\":\"Av\u00eds legal\"}]},{\"@type\":\"WebSite\",\"@id\":\"https:\/\/semapro.es\/ca\/#website\",\"url\":\"https:\/\/semapro.es\/ca\/\",\"name\":\"Semapro\",\"description\":\"Soluciones en rob\u00f3tica industrial y cobots. Nos encargamos de todo: instalaci\u00f3n, reparaci\u00f3n, mantenimiento y m\u00e1s.\",\"publisher\":{\"@id\":\"https:\/\/semapro.es\/ca\/#organization\"},\"potentialAction\":[{\"@type\":\"SearchAction\",\"target\":{\"@type\":\"EntryPoint\",\"urlTemplate\":\"https:\/\/semapro.es\/ca\/?s={search_term_string}\"},\"query-input\":{\"@type\":\"PropertyValueSpecification\",\"valueRequired\":true,\"valueName\":\"search_term_string\"}}],\"inLanguage\":\"ca\"},{\"@type\":\"Organization\",\"@id\":\"https:\/\/semapro.es\/ca\/#organization\",\"name\":\"Semapro\",\"url\":\"https:\/\/semapro.es\/ca\/\",\"logo\":{\"@type\":\"ImageObject\",\"inLanguage\":\"ca\",\"@id\":\"https:\/\/semapro.es\/ca\/#\/schema\/logo\/image\/\",\"url\":\"https:\/\/semapro.es\/wp-content\/uploads\/2024\/01\/LOGO-FOOTER-REAL-scaled.png\",\"contentUrl\":\"https:\/\/semapro.es\/wp-content\/uploads\/2024\/01\/LOGO-FOOTER-REAL-scaled.png\",\"width\":3184,\"height\":572,\"caption\":\"Semapro\"},\"image\":{\"@id\":\"https:\/\/semapro.es\/ca\/#\/schema\/logo\/image\/\"}}]}<\/script>\n<!-- \/ Yoast SEO Premium plugin. -->","yoast_head_json":{"title":"Av\u00eds legal &#187; SEMAPRO | Rob\u00f3tica industrial, cobots y automatizaci\u00f3n","robots":{"index":"noindex","follow":"nofollow"},"og_locale":"ca_ES","og_type":"article","og_title":"Av\u00eds legal","og_description":"AV\u00cdS LEGAL &nbsp; DENOMINACI\u00d3 SERVICIO Y MANTENIMIENTO PARA ROBOTICA, S.L. C.I.F. B-66681156 DOMICILI SOCIAL Francesc Layret n\u00ba 5, baixos 1\u00aa, 08940 CORNELL\u00c0 DE LLOBREGAT (Barcelona) EMAIL CONTACTE semapro@semapro.es TEL\u00c8FON 931570218 INSCRIPCI\u00d3 Registro Mercantil de Barcelona, Tomo 45.139, Libro 2606, Folio 203, Hoja B-478097, e Inscripci\u00f3n 1\u00aa. &nbsp; Us informem que el responsable d&#8217;aquest Lloc Web [&hellip;]","og_url":"https:\/\/semapro.es\/ca\/avis-legal\/","og_site_name":"SEMAPRO | Rob\u00f3tica industrial, cobots y automatizaci\u00f3n","article_modified_time":"2025-10-14T11:20:49+00:00","twitter_card":"summary_large_image","twitter_misc":{"Temps estimat de lectura":"1 minut"},"schema":{"@context":"https:\/\/schema.org","@graph":[{"@type":"WebPage","@id":"https:\/\/semapro.es\/ca\/avis-legal\/","url":"https:\/\/semapro.es\/ca\/avis-legal\/","name":"Av\u00eds legal &#187; SEMAPRO | Rob\u00f3tica industrial, cobots y automatizaci\u00f3n","isPartOf":{"@id":"https:\/\/semapro.es\/ca\/#website"},"datePublished":"2024-04-29T23:00:15+00:00","dateModified":"2025-10-14T11:20:49+00:00","breadcrumb":{"@id":"https:\/\/semapro.es\/ca\/avis-legal\/#breadcrumb"},"inLanguage":"ca","potentialAction":[{"@type":"ReadAction","target":["https:\/\/semapro.es\/ca\/avis-legal\/"]}]},{"@type":"BreadcrumbList","@id":"https:\/\/semapro.es\/ca\/avis-legal\/#breadcrumb","itemListElement":[{"@type":"ListItem","position":1,"name":"Portada","item":"https:\/\/semapro.es\/ca\/"},{"@type":"ListItem","position":2,"name":"Av\u00eds legal"}]},{"@type":"WebSite","@id":"https:\/\/semapro.es\/ca\/#website","url":"https:\/\/semapro.es\/ca\/","name":"Semapro","description":"Soluciones en rob\u00f3tica industrial y cobots. Nos encargamos de todo: instalaci\u00f3n, reparaci\u00f3n, mantenimiento y m\u00e1s.","publisher":{"@id":"https:\/\/semapro.es\/ca\/#organization"},"potentialAction":[{"@type":"SearchAction","target":{"@type":"EntryPoint","urlTemplate":"https:\/\/semapro.es\/ca\/?s={search_term_string}"},"query-input":{"@type":"PropertyValueSpecification","valueRequired":true,"valueName":"search_term_string"}}],"inLanguage":"ca"},{"@type":"Organization","@id":"https:\/\/semapro.es\/ca\/#organization","name":"Semapro","url":"https:\/\/semapro.es\/ca\/","logo":{"@type":"ImageObject","inLanguage":"ca","@id":"https:\/\/semapro.es\/ca\/#\/schema\/logo\/image\/","url":"https:\/\/semapro.es\/wp-content\/uploads\/2024\/01\/LOGO-FOOTER-REAL-scaled.png","contentUrl":"https:\/\/semapro.es\/wp-content\/uploads\/2024\/01\/LOGO-FOOTER-REAL-scaled.png","width":3184,"height":572,"caption":"Semapro"},"image":{"@id":"https:\/\/semapro.es\/ca\/#\/schema\/logo\/image\/"}}]}},"_links":{"self":[{"href":"https:\/\/semapro.es\/ca\/wp-json\/wp\/v2\/pages\/2766","targetHints":{"allow":["GET"]}}],"collection":[{"href":"https:\/\/semapro.es\/ca\/wp-json\/wp\/v2\/pages"}],"about":[{"href":"https:\/\/semapro.es\/ca\/wp-json\/wp\/v2\/types\/page"}],"author":[{"embeddable":true,"href":"https:\/\/semapro.es\/ca\/wp-json\/wp\/v2\/users\/1"}],"replies":[{"embeddable":true,"href":"https:\/\/semapro.es\/ca\/wp-json\/wp\/v2\/comments?post=2766"}],"version-history":[{"count":4,"href":"https:\/\/semapro.es\/ca\/wp-json\/wp\/v2\/pages\/2766\/revisions"}],"predecessor-version":[{"id":3340,"href":"https:\/\/semapro.es\/ca\/wp-json\/wp\/v2\/pages\/2766\/revisions\/3340"}],"wp:attachment":[{"href":"https:\/\/semapro.es\/ca\/wp-json\/wp\/v2\/media?parent=2766"}],"curies":[{"name":"wp","href":"https:\/\/api.w.org\/{rel}","templated":true}]}}