{"id":2763,"date":"2024-04-30T01:21:11","date_gmt":"2024-04-29T23:21:11","guid":{"rendered":"https:\/\/semapro.es\/?page_id=2763"},"modified":"2024-07-17T18:53:12","modified_gmt":"2024-07-17T16:53:12","slug":"terminis-i-condicions","status":"publish","type":"page","link":"https:\/\/semapro.es\/ca\/terminis-i-condicions\/","title":{"rendered":"Terminis i condicions"},"content":{"rendered":"<h3><strong>Terminis i condicions<\/strong><\/h3>\n<p>&nbsp;<\/p>\n<ol>\n<li><strong>Introducci\u00f3 <\/strong><\/li>\n<\/ol>\n<p>El present document, aix\u00ed com els esmentats en ell, estableix les condicions per les quals es regeix l&#8217;\u00fas de la seg\u00fcent p\u00e0gina web (d&#8217;ara endavant, les \u00abCondicions\u00bb): <a href=\"https:\/\/semapro.com\/\">https:\/\/semapro.com\/<\/a><\/p>\n<p>Li preguem que llegeixi atentament les presents Condicions, l&#8217;Av\u00eds Legal, la nostra Pol\u00edtica de Cookies i la nostra Pol\u00edtica de Privacitat (conjuntament, les &#8220;Pol\u00edtiques de Protecci\u00f3 de Dades&#8221;) abans d&#8217;utilitzar aquesta p\u00e0gina web. En utilitzar-la vost\u00e8 consenteix expressament quedar vinculat per aquestes Condicions i per les nostres Pol\u00edtiques de Protecci\u00f3 de Dades, per la qual cosa, si no est\u00e0 d&#8217;acord amb les mateixes no ha de fer \u00fas d&#8217;aquesta p\u00e0gina web. Si t\u00e9 alguna pregunta relacionada amb les Condicions o les Pol\u00edtiques de Protecci\u00f3 de Dades pot posar-se en contacte amb nosaltres a trav\u00e9s del nostre correu electr\u00f2nic.<\/p>\n<ol>\n<li><strong>Condicions generals entre SEMAPRO i l&#8217;usuari: <\/strong><\/li>\n<\/ol>\n<p>L&#8217;usuari declara que \u00e9s major d&#8217;edat i disposa de la capacitat legal necess\u00e0ria per adquirir la condici\u00f3 d&#8217;usuari, manifestant tamb\u00e9 que accepta la vinculaci\u00f3 a aquest acord i ent\u00e9n i accepta en la seva totalitat les condicions que consten a continuaci\u00f3 relatives a la utilitzaci\u00f3 de la p\u00e0gina web i a la contractaci\u00f3 dels serveis oferts.<\/p>\n<p>L&#8217;usuari es compromet a utilitzar els serveis i continguts del nostre lloc web de conformitat amb la Llei i els termes i condicions generals i particulars dels serveis que ofereix SEMAPRO en cada moment, haur\u00e0 d&#8217;abstenir-se d&#8217;emplear-los per a:<\/p>\n<ul>\n<li>Realitzar activitats il\u00b7l\u00edcites, contr\u00e0ries a la bona fe, a les costums, a la moral o a l&#8217;ordre p\u00fablic.<\/li>\n<li>Realitzar activitats que constitueixin una infracci\u00f3 de la regulaci\u00f3 sobre propietat intel\u00b7lectual i industrial o qualsevol altra norma de l&#8217;ordenament jur\u00eddic aplicable.<\/li>\n<li>Reproduir, duplicar, vendre o explotar amb finalitats comercials qualsevol contingut del lloc web.<\/li>\n<li>Difondre continguts de car\u00e0cter racista, xen\u00f2fob, pornogr\u00e0fic, d&#8217;apologia del terrorisme i\/o que atemptin contra els drets humans.<\/li>\n<\/ul>\n<p><strong>2.1.<\/strong> Especifica que el Responsable del tractament \u00e9s la societat mercantil SERVICI I MANTENIMENT PER A ROB\u00d2TICA, S.L., amb NIF B-66681156, amb domicili a Francesc Layret n\u00fam. 5, bjos. 1a, 08940 CORNELL\u00c0 DE LLOBREGAT (Barcelona), Espanya i correu electr\u00f2nic: semapro@semapro.es, per a l&#8217;exercici dels drets d&#8217;acc\u00e9s, rectificaci\u00f3, limitaci\u00f3 de tractament, supressi\u00f3, oposici\u00f3 i dret a no ser objecte de decisions automatitzades.<\/p>\n<p><strong>2.2.<\/strong> Els enlla\u00e7os amb altres P\u00e0gines Web o aplicacions que apareixen a la p\u00e0gina de SEMAPRO s&#8217;ofereixen amb finalitats merament informatives per a l&#8217;usuari, de manera que SEMAPRO no es responsabilitza dels productes, serveis o continguts que s&#8217;ofertin o subministrin a les p\u00e0gines de destinaci\u00f3 situades en altres llocs, ni de les pol\u00edtiques de privacitat de les mateixes.<\/p>\n<p><strong>2.3.<\/strong> Tots els continguts, marques, logotips, dibuixos, etc., que apareixen a la web de SEMAPRO estan protegits pels drets de propietat intel\u00b7lectual i industrial que estan expressament reservats per SEMAPRO o, si escau, per les persones o empreses que apareixen com a autors o titulars dels drets. La violaci\u00f3 dels anteriors drets ser\u00e0 perseguida d&#8217;acord amb la legislaci\u00f3 vigent. Per tant, queda prohibida la reproducci\u00f3, explotaci\u00f3, alteraci\u00f3, distribuci\u00f3 o comunicaci\u00f3 p\u00fablica per qualsevol t\u00edtol o mitj\u00e0 de la totalitat dels continguts de la web de SEMAPRO per a usos diferents de la leg\u00edtima informaci\u00f3 dels serveis oferts. En tot cas, ser\u00e0 necessari el consentiment previ per escrit de SEMAPRO.<\/p>\n<p><strong>2.4.<\/strong> L&#8217;usuari, a trav\u00e9s del checkbox del formulari &#8220;Accepto rebre comunicacions comercials personalitzades de SEMAPRO.&#8221;, d\u00f3na el seu consentiment expr\u00e9s per rebre comunicacions electr\u00f2niques amb publicitat i novetats comercials de SEMAPRO sobre els serveis que aquesta comercialitza.<\/p>\n<p><strong>2.5.<\/strong> L&#8217;usuari accepta que la legislaci\u00f3 aplicable al funcionament d&#8217;aquest servei \u00e9s l&#8217;espanyola. Seran competents per con\u00e8ixer les diverg\u00e8ncies que es derivin de la interpretaci\u00f3 o aplicaci\u00f3 d&#8217;aquest cl\u00e0usul els Jutges i Tribunals del domicili de l&#8217;usuari.<\/p>\n<p><strong>2.6.<\/strong> L&#8217;enviament i la transmissi\u00f3 de dades que realitzi l&#8217;usuari a trav\u00e9s de la web de SEMAPRO, aix\u00ed com la informaci\u00f3 que aquesta remeti, est\u00e0 protegida per les m\u00e9s modernes t\u00e8cniques de seguretat electr\u00f2nica a la xarxa. A m\u00e9s, les dades subministrades i emmagatzemades a les nostres bases de dades estan igualment protegides per sistemes de seguretat que impedeixen l&#8217;acc\u00e9s de tercers no autoritzats a les mateixes. SEMAPRO realitza els seus millors esfor\u00e7os per disposar dels sistemes m\u00e9s actualitzats per a l&#8217;efic\u00e0cia d&#8217;aquests sistemes de seguretat.<\/p>\n<p><strong>2.7.<\/strong> La Companyia no es fa responsable dels possibles errors de seguretat o desconnexions que es puguin produir ni dels possibles danys que es puguin causar al sistema inform\u00e0tic de l&#8217;usuari (hardware i software), els fitxers o documents emmagatzemats en el mateix, com a conseq\u00fc\u00e8ncia de la pres\u00e8ncia de virus a l&#8217;ordinador de l&#8217;usuari, utilitzat per a la connexi\u00f3 als serveis i\/o continguts de la Web, o d&#8217;un mal funcionament del navegador o de l&#8217;\u00fas de versions no actualitzades del mateix.<\/p>\n<p><strong>2.8.<\/strong> En relaci\u00f3 amb les xarxes socials, SEMAPRO est\u00e0 actualment present a LinkedIn. Aquestes aplicacions poden recollir informaci\u00f3 relacionada amb la navegaci\u00f3 de l&#8217;usuari, sent qualsevol informaci\u00f3 recollida a trav\u00e9s d&#8217;aquestes sotmesa a la pol\u00edtica de privacitat de les companyies que faciliten les aplicacions. Aix\u00ed, l&#8217;usuari accepta expressament estar sotm\u00e8s a les condicions i termes que, en mat\u00e8ria de privacitat, disposen aquestes xarxes socials o plataformes on SEMAPRO est\u00e0 present, autoritzant a aquesta a utilitzar els mitjans que aquestes xarxes li permeten per poder informar als usuaris sobre les diferents activitats i serveis que realitza.<\/p>\n<p><strong>2.9.<\/strong> La Companyia es reserva la facultat d&#8217;efectuar, en qualsevol moment i sense necessitat de previ av\u00eds, modificacions i actualitzacions de la informaci\u00f3 continguda a la Web, aix\u00ed com de la configuraci\u00f3 i presentaci\u00f3 d&#8217;aquesta i de les condicions d&#8217;\u00fas i acc\u00e9s a la mateixa. L&#8217;usuari quedar\u00e0 obligat autom\u00e0ticament per les condicions d&#8217;\u00fas que es trobin vigents en el moment en qu\u00e8 accedeixi a la Web, per la qual cosa haur\u00e0 de llegir peri\u00f2dicament el present document.<\/p>\n","protected":false},"excerpt":{"rendered":"<p>Terminis i condicions &nbsp; Introducci\u00f3 El present document, aix\u00ed com els esmentats en ell, estableix les condicions per les quals es regeix l&#8217;\u00fas de la seg\u00fcent p\u00e0gina web (d&#8217;ara endavant, les \u00abCondicions\u00bb): https:\/\/semapro.com\/ Li preguem que llegeixi atentament les presents Condicions, l&#8217;Av\u00eds Legal, la nostra Pol\u00edtica de Cookies i la nostra Pol\u00edtica de Privacitat (conjuntament, [&hellip;]<\/p>\n","protected":false},"author":1,"featured_media":0,"parent":0,"menu_order":0,"comment_status":"closed","ping_status":"closed","template":"elementor_header_footer","meta":{"_acf_changed":false,"site-sidebar-layout":"default","site-content-layout":"","ast-site-content-layout":"default","site-content-style":"default","site-sidebar-style":"default","ast-global-header-display":"","ast-banner-title-visibility":"","ast-main-header-display":"","ast-hfb-above-header-display":"","ast-hfb-below-header-display":"","ast-hfb-mobile-header-display":"","site-post-title":"","ast-breadcrumbs-content":"","ast-featured-img":"","footer-sml-layout":"","theme-transparent-header-meta":"default","adv-header-id-meta":"","stick-header-meta":"","header-above-stick-meta":"","header-main-stick-meta":"","header-below-stick-meta":"","astra-migrate-meta-layouts":"set","ast-page-background-enabled":"default","ast-page-background-meta":{"desktop":{"background-color":"var(--ast-global-color-4)","background-image":"","background-repeat":"repeat","background-position":"center center","background-size":"auto","background-attachment":"scroll","background-type":"","background-media":"","overlay-type":"","overlay-color":"","overlay-opacity":"","overlay-gradient":""},"tablet":{"background-color":"","background-image":"","background-repeat":"repeat","background-position":"center center","background-size":"auto","background-attachment":"scroll","background-type":"","background-media":"","overlay-type":"","overlay-color":"","overlay-opacity":"","overlay-gradient":""},"mobile":{"background-color":"","background-image":"","background-repeat":"repeat","background-position":"center center","background-size":"auto","background-attachment":"scroll","background-type":"","background-media":"","overlay-type":"","overlay-color":"","overlay-opacity":"","overlay-gradient":""}},"ast-content-background-meta":{"desktop":{"background-color":"var(--ast-global-color-5)","background-image":"","background-repeat":"repeat","background-position":"center center","background-size":"auto","background-attachment":"scroll","background-type":"","background-media":"","overlay-type":"","overlay-color":"","overlay-opacity":"","overlay-gradient":""},"tablet":{"background-color":"var(--ast-global-color-5)","background-image":"","background-repeat":"repeat","background-position":"center center","background-size":"auto","background-attachment":"scroll","background-type":"","background-media":"","overlay-type":"","overlay-color":"","overlay-opacity":"","overlay-gradient":""},"mobile":{"background-color":"var(--ast-global-color-5)","background-image":"","background-repeat":"repeat","background-position":"center center","background-size":"auto","background-attachment":"scroll","background-type":"","background-media":"","overlay-type":"","overlay-color":"","overlay-opacity":"","overlay-gradient":""}},"_joinchat":[],"footnotes":""},"class_list":["post-2763","page","type-page","status-publish","hentry"],"acf":[],"yoast_head":"<!-- This site is optimized with the Yoast SEO Premium plugin v22.6 (Yoast SEO v26.1.1) - https:\/\/yoast.com\/wordpress\/plugins\/seo\/ -->\n<title>Terminis i condicions &#187; SEMAPRO | Rob\u00f3tica industrial, cobots y automatizaci\u00f3n<\/title>\n<meta name=\"robots\" content=\"noindex, nofollow\" \/>\n<meta property=\"og:locale\" content=\"ca_ES\" \/>\n<meta property=\"og:type\" content=\"article\" \/>\n<meta property=\"og:title\" content=\"Terminis i condicions\" \/>\n<meta property=\"og:description\" content=\"Terminis i condicions &nbsp; Introducci\u00f3 El present document, aix\u00ed com els esmentats en ell, estableix les condicions per les quals es regeix l&#8217;\u00fas de la seg\u00fcent p\u00e0gina web (d&#8217;ara endavant, les \u00abCondicions\u00bb): https:\/\/semapro.com\/ Li preguem que llegeixi atentament les presents Condicions, l&#8217;Av\u00eds Legal, la nostra Pol\u00edtica de Cookies i la nostra Pol\u00edtica de Privacitat (conjuntament, [&hellip;]\" \/>\n<meta property=\"og:url\" content=\"https:\/\/semapro.es\/ca\/terminis-i-condicions\/\" \/>\n<meta property=\"og:site_name\" content=\"SEMAPRO | Rob\u00f3tica industrial, cobots y automatizaci\u00f3n\" \/>\n<meta property=\"article:modified_time\" content=\"2024-07-17T16:53:12+00:00\" \/>\n<meta name=\"twitter:card\" content=\"summary_large_image\" \/>\n<meta name=\"twitter:label1\" content=\"Temps estimat de lectura\" \/>\n\t<meta name=\"twitter:data1\" content=\"5 minuts\" \/>\n<script type=\"application\/ld+json\" class=\"yoast-schema-graph\">{\"@context\":\"https:\/\/schema.org\",\"@graph\":[{\"@type\":\"WebPage\",\"@id\":\"https:\/\/semapro.es\/ca\/terminis-i-condicions\/\",\"url\":\"https:\/\/semapro.es\/ca\/terminis-i-condicions\/\",\"name\":\"Terminis i condicions &#187; SEMAPRO | Rob\u00f3tica industrial, cobots y automatizaci\u00f3n\",\"isPartOf\":{\"@id\":\"https:\/\/semapro.es\/ca\/#website\"},\"datePublished\":\"2024-04-29T23:21:11+00:00\",\"dateModified\":\"2024-07-17T16:53:12+00:00\",\"breadcrumb\":{\"@id\":\"https:\/\/semapro.es\/ca\/terminis-i-condicions\/#breadcrumb\"},\"inLanguage\":\"ca\",\"potentialAction\":[{\"@type\":\"ReadAction\",\"target\":[\"https:\/\/semapro.es\/ca\/terminis-i-condicions\/\"]}]},{\"@type\":\"BreadcrumbList\",\"@id\":\"https:\/\/semapro.es\/ca\/terminis-i-condicions\/#breadcrumb\",\"itemListElement\":[{\"@type\":\"ListItem\",\"position\":1,\"name\":\"Portada\",\"item\":\"https:\/\/semapro.es\/ca\/\"},{\"@type\":\"ListItem\",\"position\":2,\"name\":\"Terminis i condicions\"}]},{\"@type\":\"WebSite\",\"@id\":\"https:\/\/semapro.es\/ca\/#website\",\"url\":\"https:\/\/semapro.es\/ca\/\",\"name\":\"Semapro\",\"description\":\"Soluciones en rob\u00f3tica industrial y cobots. Nos encargamos de todo: instalaci\u00f3n, reparaci\u00f3n, mantenimiento y m\u00e1s.\",\"publisher\":{\"@id\":\"https:\/\/semapro.es\/ca\/#organization\"},\"potentialAction\":[{\"@type\":\"SearchAction\",\"target\":{\"@type\":\"EntryPoint\",\"urlTemplate\":\"https:\/\/semapro.es\/ca\/?s={search_term_string}\"},\"query-input\":{\"@type\":\"PropertyValueSpecification\",\"valueRequired\":true,\"valueName\":\"search_term_string\"}}],\"inLanguage\":\"ca\"},{\"@type\":\"Organization\",\"@id\":\"https:\/\/semapro.es\/ca\/#organization\",\"name\":\"Semapro\",\"url\":\"https:\/\/semapro.es\/ca\/\",\"logo\":{\"@type\":\"ImageObject\",\"inLanguage\":\"ca\",\"@id\":\"https:\/\/semapro.es\/ca\/#\/schema\/logo\/image\/\",\"url\":\"https:\/\/semapro.es\/wp-content\/uploads\/2024\/01\/LOGO-FOOTER-REAL-scaled.png\",\"contentUrl\":\"https:\/\/semapro.es\/wp-content\/uploads\/2024\/01\/LOGO-FOOTER-REAL-scaled.png\",\"width\":3184,\"height\":572,\"caption\":\"Semapro\"},\"image\":{\"@id\":\"https:\/\/semapro.es\/ca\/#\/schema\/logo\/image\/\"}}]}<\/script>\n<!-- \/ Yoast SEO Premium plugin. -->","yoast_head_json":{"title":"Terminis i condicions &#187; SEMAPRO | Rob\u00f3tica industrial, cobots y automatizaci\u00f3n","robots":{"index":"noindex","follow":"nofollow"},"og_locale":"ca_ES","og_type":"article","og_title":"Terminis i condicions","og_description":"Terminis i condicions &nbsp; Introducci\u00f3 El present document, aix\u00ed com els esmentats en ell, estableix les condicions per les quals es regeix l&#8217;\u00fas de la seg\u00fcent p\u00e0gina web (d&#8217;ara endavant, les \u00abCondicions\u00bb): https:\/\/semapro.com\/ Li preguem que llegeixi atentament les presents Condicions, l&#8217;Av\u00eds Legal, la nostra Pol\u00edtica de Cookies i la nostra Pol\u00edtica de Privacitat (conjuntament, [&hellip;]","og_url":"https:\/\/semapro.es\/ca\/terminis-i-condicions\/","og_site_name":"SEMAPRO | Rob\u00f3tica industrial, cobots y automatizaci\u00f3n","article_modified_time":"2024-07-17T16:53:12+00:00","twitter_card":"summary_large_image","twitter_misc":{"Temps estimat de lectura":"5 minuts"},"schema":{"@context":"https:\/\/schema.org","@graph":[{"@type":"WebPage","@id":"https:\/\/semapro.es\/ca\/terminis-i-condicions\/","url":"https:\/\/semapro.es\/ca\/terminis-i-condicions\/","name":"Terminis i condicions &#187; SEMAPRO | Rob\u00f3tica industrial, cobots y automatizaci\u00f3n","isPartOf":{"@id":"https:\/\/semapro.es\/ca\/#website"},"datePublished":"2024-04-29T23:21:11+00:00","dateModified":"2024-07-17T16:53:12+00:00","breadcrumb":{"@id":"https:\/\/semapro.es\/ca\/terminis-i-condicions\/#breadcrumb"},"inLanguage":"ca","potentialAction":[{"@type":"ReadAction","target":["https:\/\/semapro.es\/ca\/terminis-i-condicions\/"]}]},{"@type":"BreadcrumbList","@id":"https:\/\/semapro.es\/ca\/terminis-i-condicions\/#breadcrumb","itemListElement":[{"@type":"ListItem","position":1,"name":"Portada","item":"https:\/\/semapro.es\/ca\/"},{"@type":"ListItem","position":2,"name":"Terminis i condicions"}]},{"@type":"WebSite","@id":"https:\/\/semapro.es\/ca\/#website","url":"https:\/\/semapro.es\/ca\/","name":"Semapro","description":"Soluciones en rob\u00f3tica industrial y cobots. Nos encargamos de todo: instalaci\u00f3n, reparaci\u00f3n, mantenimiento y m\u00e1s.","publisher":{"@id":"https:\/\/semapro.es\/ca\/#organization"},"potentialAction":[{"@type":"SearchAction","target":{"@type":"EntryPoint","urlTemplate":"https:\/\/semapro.es\/ca\/?s={search_term_string}"},"query-input":{"@type":"PropertyValueSpecification","valueRequired":true,"valueName":"search_term_string"}}],"inLanguage":"ca"},{"@type":"Organization","@id":"https:\/\/semapro.es\/ca\/#organization","name":"Semapro","url":"https:\/\/semapro.es\/ca\/","logo":{"@type":"ImageObject","inLanguage":"ca","@id":"https:\/\/semapro.es\/ca\/#\/schema\/logo\/image\/","url":"https:\/\/semapro.es\/wp-content\/uploads\/2024\/01\/LOGO-FOOTER-REAL-scaled.png","contentUrl":"https:\/\/semapro.es\/wp-content\/uploads\/2024\/01\/LOGO-FOOTER-REAL-scaled.png","width":3184,"height":572,"caption":"Semapro"},"image":{"@id":"https:\/\/semapro.es\/ca\/#\/schema\/logo\/image\/"}}]}},"_links":{"self":[{"href":"https:\/\/semapro.es\/ca\/wp-json\/wp\/v2\/pages\/2763","targetHints":{"allow":["GET"]}}],"collection":[{"href":"https:\/\/semapro.es\/ca\/wp-json\/wp\/v2\/pages"}],"about":[{"href":"https:\/\/semapro.es\/ca\/wp-json\/wp\/v2\/types\/page"}],"author":[{"embeddable":true,"href":"https:\/\/semapro.es\/ca\/wp-json\/wp\/v2\/users\/1"}],"replies":[{"embeddable":true,"href":"https:\/\/semapro.es\/ca\/wp-json\/wp\/v2\/comments?post=2763"}],"version-history":[{"count":8,"href":"https:\/\/semapro.es\/ca\/wp-json\/wp\/v2\/pages\/2763\/revisions"}],"predecessor-version":[{"id":3347,"href":"https:\/\/semapro.es\/ca\/wp-json\/wp\/v2\/pages\/2763\/revisions\/3347"}],"wp:attachment":[{"href":"https:\/\/semapro.es\/ca\/wp-json\/wp\/v2\/media?parent=2763"}],"curies":[{"name":"wp","href":"https:\/\/api.w.org\/{rel}","templated":true}]}}